{"id":46,"date":"2016-01-15T08:50:25","date_gmt":"2016-01-15T08:50:25","guid":{"rendered":"http:\/\/themes.muffingroup.com\/be\/beauty2\/?page_id=46"},"modified":"2025-04-24T14:14:01","modified_gmt":"2025-04-24T19:14:01","slug":"nosotros","status":"publish","type":"page","link":"https:\/\/clinicalcazar.com\/en\/nosotros\/","title":{"rendered":"ABOUT US"},"content":{"rendered":"<div data-elementor-type=\"wp-page\" data-elementor-id=\"46\" class=\"elementor elementor-46\" data-elementor-post-type=\"page\">\n\t\t\t\t<div class=\"elementor-element elementor-element-956bd90 e-con-full elementor-hidden-mobile e-flex e-con e-parent\" data-id=\"956bd90\" data-element_type=\"container\" data-settings=\"{&quot;background_background&quot;:&quot;video&quot;,&quot;background_video_link&quot;:&quot;https:\\\/\\\/clinicalcazar.com\\\/wp-content\\\/uploads\\\/2024\\\/12\\\/cambio-1_5.mp4&quot;,&quot;_ha_eqh_enable&quot;:false}\">\n\t\t<div class=\"elementor-background-video-container elementor-hidden-phone\">\n\t\t\t\t\t\t\t<video class=\"elementor-background-video-hosted elementor-html5-video\" autoplay muted playsinline loop><\/video>\n\t\t\t\t\t<\/div><div class=\"elementor-element elementor-element-2dba32ea e-con-full e-flex e-con e-child\" data-id=\"2dba32ea\" data-element_type=\"container\" data-settings=\"{&quot;_ha_eqh_enable&quot;:false}\">\n\t\t<div class=\"elementor-element elementor-element-abd01e6 e-con-full e-flex e-con e-child\" data-id=\"abd01e6\" data-element_type=\"container\" data-settings=\"{&quot;_ha_eqh_enable&quot;:false}\">\n\t\t\t\t<\/div>\n\t\t<div class=\"elementor-element elementor-element-75029711 e-con-full e-flex e-con e-child\" data-id=\"75029711\" data-element_type=\"container\" data-settings=\"{&quot;background_background&quot;:&quot;classic&quot;,&quot;_ha_eqh_enable&quot;:false}\">\n\t\t\t\t<div class=\"elementor-element elementor-element-5be915f9 elementor-widget elementor-widget-spacer\" data-id=\"5be915f9\" data-element_type=\"widget\" data-widget_type=\"spacer.default\">\n\t\t\t\t<div class=\"elementor-widget-container\">\n\t\t\t\t\t<div class=\"elementor-spacer\">\n\t\t\t<div class=\"elementor-spacer-inner\"><\/div>\n\t\t<\/div>\n\t\t\t\t<\/div>\n\t\t\t\t<\/div>\n\t\t\t\t<div class=\"elementor-element elementor-element-6c48cb50 elementor-widget elementor-widget-theme-site-logo elementor-widget-image\" data-id=\"6c48cb50\" data-element_type=\"widget\" data-widget_type=\"theme-site-logo.default\">\n\t\t\t\t<div class=\"elementor-widget-container\">\n\t\t\t\t\t\t\t\t<div class=\"elementor-image\">\n\t\t\t\t\t\t\t\t<a href=\"https:\/\/clinicalcazar.com\/en\/\">\n\t\t\t<img fetchpriority=\"high\" decoding=\"async\" width=\"2942\" height=\"761\" src=\"https:\/\/clinicalcazar.com\/wp-content\/uploads\/2025\/04\/LOGO-INGLES-e1745533905989.png\" class=\"attachment-full size-full wp-image-3267\" alt=\"\" srcset=\"https:\/\/clinicalcazar.com\/wp-content\/uploads\/2025\/04\/LOGO-INGLES-e1745533905989.png 3169w, https:\/\/clinicalcazar.com\/wp-content\/uploads\/2025\/04\/LOGO-INGLES-e1745533905989-300x79.png 300w, https:\/\/clinicalcazar.com\/wp-content\/uploads\/2025\/04\/LOGO-INGLES-e1745533905989-1024x271.png 1024w, https:\/\/clinicalcazar.com\/wp-content\/uploads\/2025\/04\/LOGO-INGLES-e1745533905989-768x203.png 768w, https:\/\/clinicalcazar.com\/wp-content\/uploads\/2025\/04\/LOGO-INGLES-e1745533905989-1536x407.png 1536w, https:\/\/clinicalcazar.com\/wp-content\/uploads\/2025\/04\/LOGO-INGLES-e1745533905989-2048x542.png 2048w, https:\/\/clinicalcazar.com\/wp-content\/uploads\/2025\/04\/LOGO-INGLES-e1745533905989-18x5.png 18w\" sizes=\"(max-width: 2942px) 100vw, 2942px\" \/>\t\t\t\t<\/a>\n\t\t\t\t\t\t\t\t\t\t<\/div>\n\t\t\t\t\t\t<\/div>\n\t\t\t\t<\/div>\n\t\t\t\t<div class=\"elementor-element elementor-element-38231bca elementor-widget elementor-widget-heading\" data-id=\"38231bca\" data-element_type=\"widget\" data-widget_type=\"heading.default\">\n\t\t\t\t<div class=\"elementor-widget-container\">\n\t\t\t<h2 class=\"elementor-heading-title elementor-size-default\">ABOUT US<\/h2>\t\t<\/div>\n\t\t\t\t<\/div>\n\t\t\t\t<div class=\"elementor-element elementor-element-6454fc4 elementor-align-justify elementor-widget__width-initial elementor-widget elementor-widget-button\" data-id=\"6454fc4\" data-element_type=\"widget\" data-widget_type=\"button.default\">\n\t\t\t\t<div class=\"elementor-widget-container\">\n\t\t\t\t\t<div class=\"elementor-button-wrapper\">\n\t\t\t<a class=\"elementor-button elementor-button-link elementor-size-sm elementor-animation-grow\" href=\"#n100\">\n\t\t\t\t\t\t<span class=\"elementor-button-content-wrapper\">\n\t\t\t\t\t\t\t\t\t<span class=\"elementor-button-text\">5 reasons to choose us<\/span>\n\t\t\t\t\t<\/span>\n\t\t\t\t\t<\/a>\n\t\t<\/div>\n\t\t\t\t<\/div>\n\t\t\t\t<\/div>\n\t\t\t\t<div class=\"elementor-element elementor-element-25d52be elementor-widget elementor-widget-spacer\" data-id=\"25d52be\" data-element_type=\"widget\" data-widget_type=\"spacer.default\">\n\t\t\t\t<div class=\"elementor-widget-container\">\n\t\t\t\t\t<div class=\"elementor-spacer\">\n\t\t\t<div class=\"elementor-spacer-inner\"><\/div>\n\t\t<\/div>\n\t\t\t\t<\/div>\n\t\t\t\t<\/div>\n\t\t\t\t<\/div>\n\t\t\t\t<\/div>\n\t\t\t\t<\/div>\n\t\t<div class=\"elementor-element elementor-element-71c7269 elementor-hidden-desktop elementor-hidden-tablet e-flex e-con-boxed e-con e-parent\" data-id=\"71c7269\" data-element_type=\"container\" data-settings=\"{&quot;background_background&quot;:&quot;video&quot;,&quot;background_video_link&quot;:&quot;https:\\\/\\\/clinicalcazar.com\\\/wp-content\\\/uploads\\\/2024\\\/12\\\/cambio-1_5.mp4&quot;,&quot;background_play_on_mobile&quot;:&quot;yes&quot;,&quot;_ha_eqh_enable&quot;:false}\">\n\t\t\t\t\t<div class=\"e-con-inner\">\n\t\t<div class=\"elementor-background-video-container\">\n\t\t\t\t\t\t\t<video class=\"elementor-background-video-hosted elementor-html5-video\" autoplay muted playsinline loop><\/video>\n\t\t\t\t\t<\/div>\t\t<div class=\"elementor-element elementor-element-8da153b elementor-widget elementor-widget-spacer\" data-id=\"8da153b\" data-element_type=\"widget\" data-widget_type=\"spacer.default\">\n\t\t\t\t<div class=\"elementor-widget-container\">\n\t\t\t\t\t<div class=\"elementor-spacer\">\n\t\t\t<div class=\"elementor-spacer-inner\"><\/div>\n\t\t<\/div>\n\t\t\t\t<\/div>\n\t\t\t\t<\/div>\n\t\t\t\t<div class=\"elementor-element elementor-element-98120ec elementor-widget elementor-widget-theme-site-logo elementor-widget-image\" data-id=\"98120ec\" data-element_type=\"widget\" data-widget_type=\"theme-site-logo.default\">\n\t\t\t\t<div class=\"elementor-widget-container\">\n\t\t\t\t\t\t\t\t<div class=\"elementor-image\">\n\t\t\t\t\t\t\t\t<a href=\"https:\/\/clinicalcazar.com\/en\/\">\n\t\t\t<img fetchpriority=\"high\" decoding=\"async\" width=\"2942\" height=\"761\" src=\"https:\/\/clinicalcazar.com\/wp-content\/uploads\/2025\/04\/LOGO-INGLES-e1745533905989.png\" class=\"attachment-full size-full wp-image-3267\" alt=\"\" srcset=\"https:\/\/clinicalcazar.com\/wp-content\/uploads\/2025\/04\/LOGO-INGLES-e1745533905989.png 3169w, https:\/\/clinicalcazar.com\/wp-content\/uploads\/2025\/04\/LOGO-INGLES-e1745533905989-300x79.png 300w, https:\/\/clinicalcazar.com\/wp-content\/uploads\/2025\/04\/LOGO-INGLES-e1745533905989-1024x271.png 1024w, https:\/\/clinicalcazar.com\/wp-content\/uploads\/2025\/04\/LOGO-INGLES-e1745533905989-768x203.png 768w, https:\/\/clinicalcazar.com\/wp-content\/uploads\/2025\/04\/LOGO-INGLES-e1745533905989-1536x407.png 1536w, https:\/\/clinicalcazar.com\/wp-content\/uploads\/2025\/04\/LOGO-INGLES-e1745533905989-2048x542.png 2048w, https:\/\/clinicalcazar.com\/wp-content\/uploads\/2025\/04\/LOGO-INGLES-e1745533905989-18x5.png 18w\" sizes=\"(max-width: 2942px) 100vw, 2942px\" \/>\t\t\t\t<\/a>\n\t\t\t\t\t\t\t\t\t\t<\/div>\n\t\t\t\t\t\t<\/div>\n\t\t\t\t<\/div>\n\t\t\t\t<div class=\"elementor-element elementor-element-42a5b2a elementor-widget-mobile__width-initial elementor-widget elementor-widget-heading\" data-id=\"42a5b2a\" data-element_type=\"widget\" data-widget_type=\"heading.default\">\n\t\t\t\t<div class=\"elementor-widget-container\">\n\t\t\t<h2 class=\"elementor-heading-title elementor-size-default\">ABOUT US<\/h2>\t\t<\/div>\n\t\t\t\t<\/div>\n\t\t\t\t<div class=\"elementor-element elementor-element-bf984cc elementor-align-justify elementor-widget__width-initial elementor-widget elementor-widget-button\" data-id=\"bf984cc\" data-element_type=\"widget\" data-widget_type=\"button.default\">\n\t\t\t\t<div class=\"elementor-widget-container\">\n\t\t\t\t\t<div class=\"elementor-button-wrapper\">\n\t\t\t<a class=\"elementor-button elementor-button-link elementor-size-sm elementor-animation-grow\" href=\"#100\">\n\t\t\t\t\t\t<span class=\"elementor-button-content-wrapper\">\n\t\t\t\t\t\t\t\t\t<span class=\"elementor-button-text\">Book now<\/span>\n\t\t\t\t\t<\/span>\n\t\t\t\t\t<\/a>\n\t\t<\/div>\n\t\t\t\t<\/div>\n\t\t\t\t<\/div>\n\t\t\t\t<div class=\"elementor-element elementor-element-92fb84d elementor-widget elementor-widget-spacer\" data-id=\"92fb84d\" data-element_type=\"widget\" data-widget_type=\"spacer.default\">\n\t\t\t\t<div class=\"elementor-widget-container\">\n\t\t\t\t\t<div class=\"elementor-spacer\">\n\t\t\t<div class=\"elementor-spacer-inner\"><\/div>\n\t\t<\/div>\n\t\t\t\t<\/div>\n\t\t\t\t<\/div>\n\t\t\t\t\t<\/div>\n\t\t\t\t<\/div>\n\t\t<div class=\"elementor-element elementor-element-03398a7 e-flex e-con-boxed e-con e-parent\" data-id=\"03398a7\" data-element_type=\"container\" data-settings=\"{&quot;_ha_eqh_enable&quot;:false}\">\n\t\t\t\t\t<div class=\"e-con-inner\">\n\t\t<div class=\"elementor-element elementor-element-888fcb2 e-con-full e-flex e-con e-child\" data-id=\"888fcb2\" data-element_type=\"container\" data-settings=\"{&quot;_ha_eqh_enable&quot;:false}\">\n\t\t\t\t<div class=\"elementor-element elementor-element-8fbbb77 elementor-widget elementor-widget-video\" data-id=\"8fbbb77\" data-element_type=\"widget\" id=\"n100\" data-settings=\"{&quot;video_type&quot;:&quot;hosted&quot;,&quot;controls&quot;:&quot;yes&quot;}\" data-widget_type=\"video.default\">\n\t\t\t\t<div class=\"elementor-widget-container\">\n\t\t\t\t\t<div class=\"e-hosted-video elementor-wrapper elementor-open-inline\">\n\t\t\t\t\t<video class=\"elementor-video\" src=\"https:\/\/clinicalcazar.com\/wp-content\/uploads\/2024\/12\/lv_0_20241219112638-1.mp4\" controls=\"\" preload=\"metadata\" controlslist=\"nodownload\" poster=\"https:\/\/clinicalcazar.com\/wp-content\/uploads\/2025\/01\/Captura-de-pantalla-2025-01-04-100409.png\"><\/video>\n\t\t\t\t<\/div>\n\t\t\t\t<\/div>\n\t\t\t\t<\/div>\n\t\t\t\t<\/div>\n\t\t<div class=\"elementor-element elementor-element-e6feb0d e-con-full e-flex e-con e-child\" data-id=\"e6feb0d\" data-element_type=\"container\" data-settings=\"{&quot;_ha_eqh_enable&quot;:false}\">\n\t\t\t\t<div class=\"elementor-element elementor-element-ab834ff elementor-widget elementor-widget-heading\" data-id=\"ab834ff\" data-element_type=\"widget\" data-widget_type=\"heading.default\">\n\t\t\t\t<div class=\"elementor-widget-container\">\n\t\t\t<h2 class=\"elementor-heading-title elementor-size-default\">ABOUT US<\/h2>\t\t<\/div>\n\t\t\t\t<\/div>\n\t\t\t\t<div class=\"elementor-element elementor-element-134e49f elementor-widget elementor-widget-text-editor\" data-id=\"134e49f\" data-element_type=\"widget\" data-widget_type=\"text-editor.default\">\n\t\t\t\t<div class=\"elementor-widget-container\">\n\t\t\t\t\t\t\t<p><span style=\"font-weight: 400;\">More than<strong> a decade ago,<\/strong> three siblings shared a vision\u2014to create a space where innovation and exceptional care would come together to achieve extraordinary results.<\/span><\/p><p><span style=\"font-weight: 400;\">In the heart of Armenia, Quind\u00edo, Cl\u00ednica Alc\u00e1zar has become a benchmark in esthetic medicine and wellness, setting new standards in innovation and care.\nFrom our state-of-the-art facilities to our dedicated team, every detail is designed with your comfort and safety in mind.<\/span><\/p><p><span style=\"font-weight: 400;\"><div class=\"bg-margin-for-link\"><input type='hidden' bg_collapse_expand='69d7644da0c119090987893' value='69d7644da0c119090987893'><input type='hidden' id='bg-show-more-text-69d7644da0c119090987893' value='Leer M\u00e1s...'><input type='hidden' id='bg-show-less-text-69d7644da0c119090987893' value='Cerrar'><a id='bg-showmore-action-69d7644da0c119090987893' class='bg-showmore-plg-link'  style=\" color:#8D6731;;\" href='#'>Read More...<\/a><div id='bg-showmore-hidden-69d7644da0c119090987893' ><\/span><\/p><p><span style=\"font-weight: 400\">More than just a clinic, we are a sanctuary where patients receive holistic support on their transformation journey, ensuring a memorable experience at every visit.\u00a0<br \/><\/span><\/p><p><span style=\"font-weight: 400\">At Cl\u00ednica Alc\u00e1zar, we believe true transformation starts with a passionate, highly skilled team.<\/span><\/p><p><span style=\"font-weight: 400\">At Cl\u00ednica Alc\u00e1zar, we believe that great transformations begin with a passionate and highly qualified team.<\/span><\/p><p><span style=\"font-weight: 400\"><\/div><\/div>\u00a0<\/span><\/p>\t\t\t\t\t\t<\/div>\n\t\t\t\t<\/div>\n\t\t\t\t<\/div>\n\t\t\t\t\t<\/div>\n\t\t\t\t<\/div>\n\t\t\t\t<\/div>","protected":false},"excerpt":{"rendered":"<p>5 razones para elegirnos Ag\u00e9ndate https:\/\/clinicalcazar.com\/wp-content\/uploads\/2024\/12\/lv_0_20241219112638-1.mp4 NOSOTROS En la Cl\u00ednica Alc\u00e1zar, transformamos vidas a trav\u00e9s de la salud, la est\u00e9tica y el bienestar. Nuestra historia comenz\u00f3 hace m\u00e1s de &hellip;<\/p>\n<p class=\"read-more\"> <a class=\"ast-button\" href=\"https:\/\/clinicalcazar.com\/en\/nosotros\/\"> <span class=\"screen-reader-text\">ABOUT US<\/span> Read More \u00bb<\/a><\/p>","protected":false},"author":1,"featured_media":0,"parent":0,"menu_order":0,"comment_status":"closed","ping_status":"closed","template":"","meta":{"site-sidebar-layout":"default","site-content-layout":"default","ast-global-header-display":"","ast-main-header-display":"","ast-hfb-above-header-display":null,"ast-hfb-below-header-display":null,"ast-hfb-mobile-header-display":"","site-post-title":"disabled","ast-breadcrumbs-content":null,"ast-featured-img":"","footer-sml-layout":"","theme-transparent-header-meta":"default","adv-header-id-meta":"","stick-header-meta":"default","header-above-stick-meta":null,"header-main-stick-meta":"","header-below-stick-meta":null,"_joinchat":[],"footnotes":""},"class_list":["post-46","page","type-page","status-publish","hentry"],"_hostinger_reach_plugin_has_subscription_block":false,"_hostinger_reach_plugin_is_elementor":false,"_links":{"self":[{"href":"https:\/\/clinicalcazar.com\/en\/wp-json\/wp\/v2\/pages\/46","targetHints":{"allow":["GET"]}}],"collection":[{"href":"https:\/\/clinicalcazar.com\/en\/wp-json\/wp\/v2\/pages"}],"about":[{"href":"https:\/\/clinicalcazar.com\/en\/wp-json\/wp\/v2\/types\/page"}],"author":[{"embeddable":true,"href":"https:\/\/clinicalcazar.com\/en\/wp-json\/wp\/v2\/users\/1"}],"replies":[{"embeddable":true,"href":"https:\/\/clinicalcazar.com\/en\/wp-json\/wp\/v2\/comments?post=46"}],"version-history":[{"count":134,"href":"https:\/\/clinicalcazar.com\/en\/wp-json\/wp\/v2\/pages\/46\/revisions"}],"predecessor-version":[{"id":5165,"href":"https:\/\/clinicalcazar.com\/en\/wp-json\/wp\/v2\/pages\/46\/revisions\/5165"}],"wp:attachment":[{"href":"https:\/\/clinicalcazar.com\/en\/wp-json\/wp\/v2\/media?parent=46"}],"curies":[{"name":"wp","href":"https:\/\/api.w.org\/{rel}","templated":true}]}}