{"id":2915,"date":"2024-11-21T10:09:48","date_gmt":"2024-11-21T15:09:48","guid":{"rendered":"https:\/\/clinicalcazar.com\/?page_id=2915"},"modified":"2025-10-03T20:17:09","modified_gmt":"2025-10-04T01:17:09","slug":"por-que-operarse-en-armenia-quindio","status":"publish","type":"page","link":"https:\/\/clinicalcazar.com\/en\/por-que-operarse-en-armenia-quindio\/","title":{"rendered":"WHY CHOOSE ARMENIA, COLOMBIA FOR YOUR SURGERY?"},"content":{"rendered":"<div data-elementor-type=\"wp-page\" data-elementor-id=\"2915\" class=\"elementor elementor-2915\" data-elementor-post-type=\"page\">\n\t\t\t\t<div class=\"elementor-element elementor-element-7b585ff e-con-full elementor-hidden-mobile e-flex e-con e-parent\" data-id=\"7b585ff\" data-element_type=\"container\" data-settings=\"{&quot;background_background&quot;:&quot;video&quot;,&quot;background_video_link&quot;:&quot;https:\\\/\\\/clinicalcazar.com\\\/wp-content\\\/uploads\\\/2024\\\/12\\\/video-quindio-pagina-web.mp4&quot;,&quot;_ha_eqh_enable&quot;:false}\">\n\t\t<div class=\"elementor-background-video-container elementor-hidden-phone\">\n\t\t\t\t\t\t\t<video class=\"elementor-background-video-hosted elementor-html5-video\" autoplay muted playsinline loop><\/video>\n\t\t\t\t\t<\/div><div class=\"elementor-element elementor-element-7ba1cc90 e-con-full e-flex e-con e-child\" data-id=\"7ba1cc90\" data-element_type=\"container\" data-settings=\"{&quot;_ha_eqh_enable&quot;:false}\">\n\t\t<div class=\"elementor-element elementor-element-5969026a e-con-full e-flex e-con e-child\" data-id=\"5969026a\" data-element_type=\"container\" data-settings=\"{&quot;_ha_eqh_enable&quot;:false}\">\n\t\t\t\t<\/div>\n\t\t<div class=\"elementor-element elementor-element-53a6f69 e-con-full e-flex e-con e-child\" data-id=\"53a6f69\" data-element_type=\"container\" data-settings=\"{&quot;background_background&quot;:&quot;classic&quot;,&quot;_ha_eqh_enable&quot;:false}\">\n\t\t\t\t<div class=\"elementor-element elementor-element-2c346029 elementor-widget elementor-widget-spacer\" data-id=\"2c346029\" data-element_type=\"widget\" data-widget_type=\"spacer.default\">\n\t\t\t\t<div class=\"elementor-widget-container\">\n\t\t\t\t\t<div class=\"elementor-spacer\">\n\t\t\t<div class=\"elementor-spacer-inner\"><\/div>\n\t\t<\/div>\n\t\t\t\t<\/div>\n\t\t\t\t<\/div>\n\t\t\t\t<div class=\"elementor-element elementor-element-79ccceea elementor-widget elementor-widget-theme-site-logo elementor-widget-image\" data-id=\"79ccceea\" data-element_type=\"widget\" data-widget_type=\"theme-site-logo.default\">\n\t\t\t\t<div class=\"elementor-widget-container\">\n\t\t\t\t\t\t\t\t<div class=\"elementor-image\">\n\t\t\t\t\t\t\t\t<a href=\"https:\/\/clinicalcazar.com\/en\/\">\n\t\t\t<img fetchpriority=\"high\" decoding=\"async\" width=\"2942\" height=\"761\" src=\"https:\/\/clinicalcazar.com\/wp-content\/uploads\/2025\/04\/LOGO-INGLES-e1745533905989.png\" class=\"attachment-full size-full wp-image-3267\" alt=\"\" srcset=\"https:\/\/clinicalcazar.com\/wp-content\/uploads\/2025\/04\/LOGO-INGLES-e1745533905989.png 3169w, https:\/\/clinicalcazar.com\/wp-content\/uploads\/2025\/04\/LOGO-INGLES-e1745533905989-300x79.png 300w, https:\/\/clinicalcazar.com\/wp-content\/uploads\/2025\/04\/LOGO-INGLES-e1745533905989-1024x271.png 1024w, https:\/\/clinicalcazar.com\/wp-content\/uploads\/2025\/04\/LOGO-INGLES-e1745533905989-768x203.png 768w, https:\/\/clinicalcazar.com\/wp-content\/uploads\/2025\/04\/LOGO-INGLES-e1745533905989-1536x407.png 1536w, https:\/\/clinicalcazar.com\/wp-content\/uploads\/2025\/04\/LOGO-INGLES-e1745533905989-2048x542.png 2048w, https:\/\/clinicalcazar.com\/wp-content\/uploads\/2025\/04\/LOGO-INGLES-e1745533905989-18x5.png 18w\" sizes=\"(max-width: 2942px) 100vw, 2942px\" \/>\t\t\t\t<\/a>\n\t\t\t\t\t\t\t\t\t\t<\/div>\n\t\t\t\t\t\t<\/div>\n\t\t\t\t<\/div>\n\t\t\t\t<div class=\"elementor-element elementor-element-4ebb0e9e elementor-widget elementor-widget-heading\" data-id=\"4ebb0e9e\" data-element_type=\"widget\" data-widget_type=\"heading.default\">\n\t\t\t\t<div class=\"elementor-widget-container\">\n\t\t\t<h2 class=\"elementor-heading-title elementor-size-default\">WHY CHOOSE ARMENIA, COLOMBIA FOR YOUR SURGERY?<\/h2>\t\t<\/div>\n\t\t\t\t<\/div>\n\t\t\t\t<div class=\"elementor-element elementor-element-10315f0 elementor-align-justify elementor-widget__width-initial elementor-widget elementor-widget-button\" data-id=\"10315f0\" data-element_type=\"widget\" data-widget_type=\"button.default\">\n\t\t\t\t<div class=\"elementor-widget-container\">\n\t\t\t\t\t<div class=\"elementor-button-wrapper\">\n\t\t\t<a class=\"elementor-button elementor-button-link elementor-size-sm elementor-animation-grow\" href=\"https:\/\/wa.me\/3042222143\">\n\t\t\t\t\t\t<span class=\"elementor-button-content-wrapper\">\n\t\t\t\t\t\t\t\t\t<span class=\"elementor-button-text\">Make a date with us:<\/span>\n\t\t\t\t\t<\/span>\n\t\t\t\t\t<\/a>\n\t\t<\/div>\n\t\t\t\t<\/div>\n\t\t\t\t<\/div>\n\t\t\t\t<div class=\"elementor-element elementor-element-41f1075d elementor-widget elementor-widget-spacer\" data-id=\"41f1075d\" data-element_type=\"widget\" data-widget_type=\"spacer.default\">\n\t\t\t\t<div class=\"elementor-widget-container\">\n\t\t\t\t\t<div class=\"elementor-spacer\">\n\t\t\t<div class=\"elementor-spacer-inner\"><\/div>\n\t\t<\/div>\n\t\t\t\t<\/div>\n\t\t\t\t<\/div>\n\t\t\t\t<\/div>\n\t\t\t\t<\/div>\n\t\t\t\t<\/div>\n\t\t<div class=\"elementor-element elementor-element-edae767 elementor-hidden-desktop elementor-hidden-tablet e-flex e-con-boxed e-con e-parent\" data-id=\"edae767\" data-element_type=\"container\" data-settings=\"{&quot;background_background&quot;:&quot;video&quot;,&quot;background_video_link&quot;:&quot;https:\\\/\\\/clinicalcazar.com\\\/wp-content\\\/uploads\\\/2024\\\/12\\\/video-quindio-pagina-web.mp4&quot;,&quot;background_play_on_mobile&quot;:&quot;yes&quot;,&quot;_ha_eqh_enable&quot;:false}\">\n\t\t\t\t\t<div class=\"e-con-inner\">\n\t\t<div class=\"elementor-background-video-container\">\n\t\t\t\t\t\t\t<video class=\"elementor-background-video-hosted elementor-html5-video\" autoplay muted playsinline loop><\/video>\n\t\t\t\t\t<\/div>\t\t<div class=\"elementor-element elementor-element-0dcdaee elementor-widget elementor-widget-spacer\" data-id=\"0dcdaee\" data-element_type=\"widget\" data-widget_type=\"spacer.default\">\n\t\t\t\t<div class=\"elementor-widget-container\">\n\t\t\t\t\t<div class=\"elementor-spacer\">\n\t\t\t<div class=\"elementor-spacer-inner\"><\/div>\n\t\t<\/div>\n\t\t\t\t<\/div>\n\t\t\t\t<\/div>\n\t\t\t\t<div class=\"elementor-element elementor-element-2341a67 elementor-widget elementor-widget-spacer\" data-id=\"2341a67\" data-element_type=\"widget\" data-widget_type=\"spacer.default\">\n\t\t\t\t<div class=\"elementor-widget-container\">\n\t\t\t\t\t<div class=\"elementor-spacer\">\n\t\t\t<div class=\"elementor-spacer-inner\"><\/div>\n\t\t<\/div>\n\t\t\t\t<\/div>\n\t\t\t\t<\/div>\n\t\t\t\t<div class=\"elementor-element elementor-element-b56a94a elementor-widget elementor-widget-theme-site-logo elementor-widget-image\" data-id=\"b56a94a\" data-element_type=\"widget\" data-widget_type=\"theme-site-logo.default\">\n\t\t\t\t<div class=\"elementor-widget-container\">\n\t\t\t\t\t\t\t\t<div class=\"elementor-image\">\n\t\t\t\t\t\t\t\t<a href=\"https:\/\/clinicalcazar.com\/en\/\">\n\t\t\t<img fetchpriority=\"high\" decoding=\"async\" width=\"2942\" height=\"761\" src=\"https:\/\/clinicalcazar.com\/wp-content\/uploads\/2025\/04\/LOGO-INGLES-e1745533905989.png\" class=\"attachment-full size-full wp-image-3267\" alt=\"\" srcset=\"https:\/\/clinicalcazar.com\/wp-content\/uploads\/2025\/04\/LOGO-INGLES-e1745533905989.png 3169w, https:\/\/clinicalcazar.com\/wp-content\/uploads\/2025\/04\/LOGO-INGLES-e1745533905989-300x79.png 300w, https:\/\/clinicalcazar.com\/wp-content\/uploads\/2025\/04\/LOGO-INGLES-e1745533905989-1024x271.png 1024w, https:\/\/clinicalcazar.com\/wp-content\/uploads\/2025\/04\/LOGO-INGLES-e1745533905989-768x203.png 768w, https:\/\/clinicalcazar.com\/wp-content\/uploads\/2025\/04\/LOGO-INGLES-e1745533905989-1536x407.png 1536w, https:\/\/clinicalcazar.com\/wp-content\/uploads\/2025\/04\/LOGO-INGLES-e1745533905989-2048x542.png 2048w, https:\/\/clinicalcazar.com\/wp-content\/uploads\/2025\/04\/LOGO-INGLES-e1745533905989-18x5.png 18w\" sizes=\"(max-width: 2942px) 100vw, 2942px\" \/>\t\t\t\t<\/a>\n\t\t\t\t\t\t\t\t\t\t<\/div>\n\t\t\t\t\t\t<\/div>\n\t\t\t\t<\/div>\n\t\t\t\t<div class=\"elementor-element elementor-element-25f7b73 elementor-widget-mobile__width-initial elementor-widget elementor-widget-heading\" data-id=\"25f7b73\" data-element_type=\"widget\" data-widget_type=\"heading.default\">\n\t\t\t\t<div class=\"elementor-widget-container\">\n\t\t\t<h2 class=\"elementor-heading-title elementor-size-default\">WHY CHOOSE ARMENIA, COLOMBIA FOR YOUR SURGERY?<\/h2>\t\t<\/div>\n\t\t\t\t<\/div>\n\t\t\t\t<div class=\"elementor-element elementor-element-65ca05e elementor-align-justify elementor-widget__width-initial elementor-widget elementor-widget-button\" data-id=\"65ca05e\" data-element_type=\"widget\" data-widget_type=\"button.default\">\n\t\t\t\t<div class=\"elementor-widget-container\">\n\t\t\t\t\t<div class=\"elementor-button-wrapper\">\n\t\t\t<a class=\"elementor-button elementor-button-link elementor-size-sm elementor-animation-grow\" href=\"#100\">\n\t\t\t\t\t\t<span class=\"elementor-button-content-wrapper\">\n\t\t\t\t\t\t\t\t\t<span class=\"elementor-button-text\">Book now<\/span>\n\t\t\t\t\t<\/span>\n\t\t\t\t\t<\/a>\n\t\t<\/div>\n\t\t\t\t<\/div>\n\t\t\t\t<\/div>\n\t\t\t\t<div class=\"elementor-element elementor-element-1c0118b elementor-widget elementor-widget-spacer\" data-id=\"1c0118b\" data-element_type=\"widget\" data-widget_type=\"spacer.default\">\n\t\t\t\t<div class=\"elementor-widget-container\">\n\t\t\t\t\t<div class=\"elementor-spacer\">\n\t\t\t<div class=\"elementor-spacer-inner\"><\/div>\n\t\t<\/div>\n\t\t\t\t<\/div>\n\t\t\t\t<\/div>\n\t\t\t\t\t<\/div>\n\t\t\t\t<\/div>\n\t\t<div class=\"elementor-element elementor-element-1351e74 e-con-full e-flex e-con e-parent\" data-id=\"1351e74\" data-element_type=\"container\" data-settings=\"{&quot;background_background&quot;:&quot;classic&quot;,&quot;_ha_eqh_enable&quot;:false}\">\n\t\t<div class=\"elementor-element elementor-element-33905ad e-con-full e-flex e-con e-child\" data-id=\"33905ad\" data-element_type=\"container\" data-settings=\"{&quot;_ha_eqh_enable&quot;:false}\">\n\t\t<div class=\"elementor-element elementor-element-4c0df6d e-con-full e-flex e-con e-child\" data-id=\"4c0df6d\" data-element_type=\"container\" data-settings=\"{&quot;_ha_eqh_enable&quot;:false}\">\n\t\t\t\t<div class=\"elementor-element elementor-element-257a68b elementor-widget elementor-widget-spacer\" data-id=\"257a68b\" data-element_type=\"widget\" data-widget_type=\"spacer.default\">\n\t\t\t\t<div class=\"elementor-widget-container\">\n\t\t\t\t\t<div class=\"elementor-spacer\">\n\t\t\t<div class=\"elementor-spacer-inner\"><\/div>\n\t\t<\/div>\n\t\t\t\t<\/div>\n\t\t\t\t<\/div>\n\t\t\t\t<div class=\"elementor-element elementor-element-7638f03 elementor-widget elementor-widget-heading\" data-id=\"7638f03\" data-element_type=\"widget\" data-widget_type=\"heading.default\">\n\t\t\t\t<div class=\"elementor-widget-container\">\n\t\t\t<h2 class=\"elementor-heading-title elementor-size-default\">Why have surgery in Armenia, Colombia?<\/h2>\t\t<\/div>\n\t\t\t\t<\/div>\n\t\t\t\t<div class=\"elementor-element elementor-element-fac6835 elementor-hidden-mobile elementor-widget elementor-widget-text-editor\" data-id=\"fac6835\" data-element_type=\"widget\" data-widget_type=\"text-editor.default\">\n\t\t\t\t<div class=\"elementor-widget-container\">\n\t\t\t\t\t\t\t<div class=\"flex max-w-full flex-col flex-grow\"><div class=\"min-h-8 text-message flex w-full flex-col items-end gap-2 whitespace-normal break-words [.text-message+&amp;]:mt-5\" dir=\"auto\" data-message-author-role=\"assistant\" data-message-id=\"5c0c3d4f-427e-4cd5-bd16-0cbc592b78ac\" data-message-model-slug=\"gpt-4o\"><div class=\"flex w-full flex-col gap-1 empty:hidden first:pt-[3px]\"><div class=\"markdown prose w-full break-words dark:prose-invert dark\"><div class=\"flex max-w-full flex-col flex-grow\"><div class=\"min-h-8 text-message flex w-full flex-col items-end gap-2 whitespace-normal break-words [.text-message+&amp;]:mt-5\" dir=\"auto\" data-message-author-role=\"assistant\" data-message-id=\"d4904b3d-fe66-4662-a282-c27e4a60943f\" data-message-model-slug=\"gpt-4o\"><div class=\"flex w-full flex-col gap-1 empty:hidden first:pt-[3px]\"><div class=\"markdown prose w-full break-words dark:prose-invert dark\"><p>Colombia is one of the world\u2019s leading destinations for plastic surgery, attracting thousands of international patients each year. Armenia, located in the heart of the Quind\u00edo region, has become a preferred city for these procedures\u2014offering a unique combination of quality, safety, and comfort.<\/p><ul><li><strong>Highly Qualified Plastic Surgeons:<\/strong>\u00a0Armenia is home to top-tier plastic surgeons who meet all national and international medical standards, ensuring safety, professionalism, and excellent outcomes.<\/li><li><strong>Safe and Peaceful Environment:<\/strong>\u00a0Known as one of the safest cities in Colombia, Armenia offers a calm and welcoming setting that supports a smooth, stress-free recovery. It\u2019s also an enjoyable destination with many attractions for companions who may accompany you.<\/li><li><strong>Cultural Recognition and Charm:<\/strong> Quind\u00edo is world-renowned for producing Colombia\u2019s finest coffee\u2014its aroma and taste enrich the experience of your stay. The region\u2019s vibrant culture and beauty have even inspired international films like Disney\u2019s Encanto.<\/li><li><strong>Competitive Pricing:<\/strong>\u00a0Armenia offers exceptional value, with high-quality medical care at more affordable prices compared to many international cities\u2014without compromising safety or results.<\/li><li><strong>Easy Accessibility:<\/strong> El Ed\u00e9n International Airport in Armenia provides easy access and connections to destinations across the globe, making travel convenient and efficient.<\/li><\/ul><p>\u00a0<\/p><\/div><\/div><\/div><\/div><\/div><\/div><\/div><\/div>\t\t\t\t\t\t<\/div>\n\t\t\t\t<\/div>\n\t\t\t\t<div class=\"elementor-element elementor-element-a1e8204 elementor-hidden-desktop elementor-hidden-tablet elementor-widget elementor-widget-text-editor\" data-id=\"a1e8204\" data-element_type=\"widget\" data-widget_type=\"text-editor.default\">\n\t\t\t\t<div class=\"elementor-widget-container\">\n\t\t\t\t\t\t\t<div class=\"flex max-w-full flex-col flex-grow\"><div class=\"min-h-8 text-message flex w-full flex-col items-end gap-2 whitespace-normal break-words [.text-message+&amp;]:mt-5\" dir=\"auto\" data-message-author-role=\"assistant\" data-message-id=\"5c0c3d4f-427e-4cd5-bd16-0cbc592b78ac\" data-message-model-slug=\"gpt-4o\"><div class=\"flex w-full flex-col gap-1 empty:hidden first:pt-[3px]\"><div class=\"markdown prose w-full break-words dark:prose-invert dark\"><div class=\"flex max-w-full flex-col flex-grow\"><div class=\"min-h-8 text-message flex w-full flex-col items-end gap-2 whitespace-normal break-words [.text-message+&amp;]:mt-5\" dir=\"auto\" data-message-author-role=\"assistant\" data-message-id=\"d4904b3d-fe66-4662-a282-c27e4a60943f\" data-message-model-slug=\"gpt-4o\"><div class=\"flex w-full flex-col gap-1 empty:hidden first:pt-[3px]\"><div class=\"markdown prose w-full break-words dark:prose-invert dark\"><p style=\"text-align: left;\">Colombia es uno de los mejores destinos para operarse en el mundo, la cirug\u00eda pl\u00e1stica es una de las especialidades que m\u00e1s demandan los extranjeros y Armenia es una de las ciudades predilectas para este tipo de procedimientos, debido a diversos factores como:<\/p><p style=\"text-align: left;\"><strong>Highly Qualified Plastic Surgeons:<\/strong> Armenia is home to top-tier plastic surgeons who meet all national and international medical standards, ensuring safety, professionalism, and excellent outcomes.<\/p><p style=\"text-align: left;\"><strong>Safe and Peaceful Environment:<\/strong> Armenia es la ciudad m\u00e1s segura y tranquila de Colombia, lo cual favorece a una recuperaci\u00f3n c\u00f3moda y r\u00e1pida.<\/p><p style=\"text-align: left;\"><strong>Cultural Recognition and Charm:<\/strong> El Quind\u00edo es reconocido como el departamento con el mejor caf\u00e9 de Colombia, su aroma y sabor hacen que se despierten todos los sentidos y as\u00ed se pueda disfrutar de la mejor experiencia. Ha sido inspiraci\u00f3n para pel\u00edculas como ENCANTO de Disney.<\/p><p style=\"text-align: left;\"><strong>Competitive Pricing:<\/strong> Armenia offers exceptional value, with high-quality medical care at more affordable prices compared to many international cities\u2014without compromising safety or results.<\/p><p style=\"text-align: left;\"><strong>Easy Accessibility:<\/strong> El Ed\u00e9n International Airport in Armenia provides easy access and connections to destinations across the globe, making travel convenient and efficient.<\/p><\/div><\/div><\/div><\/div><\/div><\/div><\/div><\/div>\t\t\t\t\t\t<\/div>\n\t\t\t\t<\/div>\n\t\t\t\t<div class=\"elementor-element elementor-element-ea0a46c elementor-align-justify elementor-widget__width-inherit elementor-widget elementor-widget-button\" data-id=\"ea0a46c\" data-element_type=\"widget\" data-widget_type=\"button.default\">\n\t\t\t\t<div class=\"elementor-widget-container\">\n\t\t\t\t\t<div class=\"elementor-button-wrapper\">\n\t\t\t<a class=\"elementor-button elementor-button-link elementor-size-sm elementor-animation-shrink\" href=\"https:\/\/wa.me\/3042222143\">\n\t\t\t\t\t\t<span class=\"elementor-button-content-wrapper\">\n\t\t\t\t\t\t\t\t\t<span class=\"elementor-button-text\">CONTACT US!<\/span>\n\t\t\t\t\t<\/span>\n\t\t\t\t\t<\/a>\n\t\t<\/div>\n\t\t\t\t<\/div>\n\t\t\t\t<\/div>\n\t\t\t\t<div class=\"elementor-element elementor-element-1f23341 elementor-widget elementor-widget-spacer\" data-id=\"1f23341\" data-element_type=\"widget\" data-widget_type=\"spacer.default\">\n\t\t\t\t<div class=\"elementor-widget-container\">\n\t\t\t\t\t<div class=\"elementor-spacer\">\n\t\t\t<div class=\"elementor-spacer-inner\"><\/div>\n\t\t<\/div>\n\t\t\t\t<\/div>\n\t\t\t\t<\/div>\n\t\t\t\t<\/div>\n\t\t<div class=\"elementor-element elementor-element-a51134a e-con-full e-flex e-con e-child\" data-id=\"a51134a\" data-element_type=\"container\" data-settings=\"{&quot;background_background&quot;:&quot;classic&quot;,&quot;_ha_eqh_enable&quot;:false}\">\n\t\t\t\t<div class=\"elementor-element elementor-element-511f9dd elementor-widget elementor-widget-image\" data-id=\"511f9dd\" data-element_type=\"widget\" data-widget_type=\"image.default\">\n\t\t\t\t<div class=\"elementor-widget-container\">\n\t\t\t\t\t\t\t\t\t\t\t\t\t<img decoding=\"async\" width=\"1920\" height=\"2560\" src=\"https:\/\/clinicalcazar.com\/wp-content\/uploads\/2024\/12\/WhatsApp-Image-2024-12-11-at-4.46.41-PM-scaled.jpeg\" class=\"attachment-full size-full wp-image-3854\" alt=\"\" srcset=\"https:\/\/clinicalcazar.com\/wp-content\/uploads\/2024\/12\/WhatsApp-Image-2024-12-11-at-4.46.41-PM-scaled.jpeg 1920w, https:\/\/clinicalcazar.com\/wp-content\/uploads\/2024\/12\/WhatsApp-Image-2024-12-11-at-4.46.41-PM-225x300.jpeg 225w, https:\/\/clinicalcazar.com\/wp-content\/uploads\/2024\/12\/WhatsApp-Image-2024-12-11-at-4.46.41-PM-768x1024.jpeg 768w, https:\/\/clinicalcazar.com\/wp-content\/uploads\/2024\/12\/WhatsApp-Image-2024-12-11-at-4.46.41-PM-1152x1536.jpeg 1152w, https:\/\/clinicalcazar.com\/wp-content\/uploads\/2024\/12\/WhatsApp-Image-2024-12-11-at-4.46.41-PM-1536x2048.jpeg 1536w\" sizes=\"(max-width: 1920px) 100vw, 1920px\" \/>\t\t\t\t\t\t\t\t\t\t\t\t\t<\/div>\n\t\t\t\t<\/div>\n\t\t\t\t<\/div>\n\t\t\t\t<\/div>\n\t\t\t\t<\/div>\n\t\t\t\t<\/div>","protected":false},"excerpt":{"rendered":"<p>Ag\u00e9ndate con nosotros Ag\u00e9ndate POR QUE OPERARSE EN ARMENIA, COLOMBIA Colombia es uno de los mayores destinos para operarse en el mundo, la cirug\u00eda pl\u00e1stica es una de las &hellip;<\/p>\n<p class=\"read-more\"> <a class=\"ast-button\" href=\"https:\/\/clinicalcazar.com\/en\/por-que-operarse-en-armenia-quindio\/\"> <span class=\"screen-reader-text\">WHY CHOOSE ARMENIA, COLOMBIA FOR YOUR SURGERY?<\/span> Read More \u00bb<\/a><\/p>","protected":false},"author":1,"featured_media":0,"parent":0,"menu_order":0,"comment_status":"closed","ping_status":"closed","template":"","meta":{"site-sidebar-layout":"no-sidebar","site-content-layout":"page-builder","ast-global-header-display":"","ast-main-header-display":"","ast-hfb-above-header-display":null,"ast-hfb-below-header-display":null,"ast-hfb-mobile-header-display":"","site-post-title":"disabled","ast-breadcrumbs-content":null,"ast-featured-img":"disabled","footer-sml-layout":"","theme-transparent-header-meta":"","adv-header-id-meta":"","stick-header-meta":"","header-above-stick-meta":null,"header-main-stick-meta":"","header-below-stick-meta":null,"_joinchat":[],"footnotes":""},"class_list":["post-2915","page","type-page","status-publish","hentry"],"_hostinger_reach_plugin_has_subscription_block":false,"_hostinger_reach_plugin_is_elementor":false,"_links":{"self":[{"href":"https:\/\/clinicalcazar.com\/en\/wp-json\/wp\/v2\/pages\/2915","targetHints":{"allow":["GET"]}}],"collection":[{"href":"https:\/\/clinicalcazar.com\/en\/wp-json\/wp\/v2\/pages"}],"about":[{"href":"https:\/\/clinicalcazar.com\/en\/wp-json\/wp\/v2\/types\/page"}],"author":[{"embeddable":true,"href":"https:\/\/clinicalcazar.com\/en\/wp-json\/wp\/v2\/users\/1"}],"replies":[{"embeddable":true,"href":"https:\/\/clinicalcazar.com\/en\/wp-json\/wp\/v2\/comments?post=2915"}],"version-history":[{"count":60,"href":"https:\/\/clinicalcazar.com\/en\/wp-json\/wp\/v2\/pages\/2915\/revisions"}],"predecessor-version":[{"id":5232,"href":"https:\/\/clinicalcazar.com\/en\/wp-json\/wp\/v2\/pages\/2915\/revisions\/5232"}],"wp:attachment":[{"href":"https:\/\/clinicalcazar.com\/en\/wp-json\/wp\/v2\/media?parent=2915"}],"curies":[{"name":"wp","href":"https:\/\/api.w.org\/{rel}","templated":true}]}}