{"id":2411,"date":"2024-10-23T10:25:35","date_gmt":"2024-10-23T15:25:35","guid":{"rendered":"https:\/\/clinicalcazar.com\/?page_id=2411"},"modified":"2024-10-23T10:42:59","modified_gmt":"2024-10-23T15:42:59","slug":"alternativa","status":"publish","type":"page","link":"https:\/\/clinicalcazar.com\/en\/alternativa\/","title":{"rendered":"ALTERNATIVA"},"content":{"rendered":"<div data-elementor-type=\"wp-page\" data-elementor-id=\"2411\" class=\"elementor elementor-2411\" data-elementor-post-type=\"page\">\n\t\t\t\t<div class=\"elementor-element elementor-element-1b4cb71f e-con-full e-flex e-con e-parent\" data-id=\"1b4cb71f\" data-element_type=\"container\" data-settings=\"{&quot;background_background&quot;:&quot;video&quot;,&quot;background_video_link&quot;:&quot;https:\\\/\\\/clinicalcazar.com\\\/wp-content\\\/uploads\\\/2024\\\/10\\\/careaga-hero-dt01.m4v&quot;,&quot;_ha_eqh_enable&quot;:false}\">\n\t\t<div class=\"elementor-background-video-container elementor-hidden-phone\">\n\t\t\t\t\t\t\t<video class=\"elementor-background-video-hosted elementor-html5-video\" autoplay muted playsinline loop><\/video>\n\t\t\t\t\t<\/div><div class=\"elementor-element elementor-element-2673bdb6 e-con-full e-flex e-con e-child\" data-id=\"2673bdb6\" data-element_type=\"container\" data-settings=\"{&quot;_ha_eqh_enable&quot;:false}\">\n\t\t<div class=\"elementor-element elementor-element-493030de e-con-full e-flex e-con e-child\" data-id=\"493030de\" data-element_type=\"container\" data-settings=\"{&quot;_ha_eqh_enable&quot;:false}\">\n\t\t\t\t<\/div>\n\t\t<div class=\"elementor-element elementor-element-fe787da e-con-full e-flex e-con e-child\" data-id=\"fe787da\" data-element_type=\"container\" data-settings=\"{&quot;background_background&quot;:&quot;classic&quot;,&quot;_ha_eqh_enable&quot;:false}\">\n\t\t\t\t<div class=\"elementor-element elementor-element-4f76008 elementor-widget elementor-widget-spacer\" data-id=\"4f76008\" data-element_type=\"widget\" data-widget_type=\"spacer.default\">\n\t\t\t\t<div class=\"elementor-widget-container\">\n\t\t\t\t\t<div class=\"elementor-spacer\">\n\t\t\t<div class=\"elementor-spacer-inner\"><\/div>\n\t\t<\/div>\n\t\t\t\t<\/div>\n\t\t\t\t<\/div>\n\t\t\t\t<div class=\"elementor-element elementor-element-5e9efa23 elementor-widget elementor-widget-theme-site-logo elementor-widget-image\" data-id=\"5e9efa23\" data-element_type=\"widget\" data-widget_type=\"theme-site-logo.default\">\n\t\t\t\t<div class=\"elementor-widget-container\">\n\t\t\t\t\t\t\t\t<div class=\"elementor-image\">\n\t\t\t\t\t\t\t\t<a href=\"https:\/\/clinicalcazar.com\/en\/\">\n\t\t\t<img fetchpriority=\"high\" decoding=\"async\" width=\"2942\" height=\"761\" src=\"https:\/\/clinicalcazar.com\/wp-content\/uploads\/2025\/04\/LOGO-INGLES-e1745533905989.png\" class=\"attachment-full size-full wp-image-3267\" alt=\"\" srcset=\"https:\/\/clinicalcazar.com\/wp-content\/uploads\/2025\/04\/LOGO-INGLES-e1745533905989.png 3169w, https:\/\/clinicalcazar.com\/wp-content\/uploads\/2025\/04\/LOGO-INGLES-e1745533905989-300x79.png 300w, https:\/\/clinicalcazar.com\/wp-content\/uploads\/2025\/04\/LOGO-INGLES-e1745533905989-1024x271.png 1024w, https:\/\/clinicalcazar.com\/wp-content\/uploads\/2025\/04\/LOGO-INGLES-e1745533905989-768x203.png 768w, https:\/\/clinicalcazar.com\/wp-content\/uploads\/2025\/04\/LOGO-INGLES-e1745533905989-1536x407.png 1536w, https:\/\/clinicalcazar.com\/wp-content\/uploads\/2025\/04\/LOGO-INGLES-e1745533905989-2048x542.png 2048w, https:\/\/clinicalcazar.com\/wp-content\/uploads\/2025\/04\/LOGO-INGLES-e1745533905989-18x5.png 18w\" sizes=\"(max-width: 2942px) 100vw, 2942px\" \/>\t\t\t\t<\/a>\n\t\t\t\t\t\t\t\t\t\t<\/div>\n\t\t\t\t\t\t<\/div>\n\t\t\t\t<\/div>\n\t\t\t\t<div class=\"elementor-element elementor-element-482b364b elementor-widget elementor-widget-heading\" data-id=\"482b364b\" data-element_type=\"widget\" data-widget_type=\"heading.default\">\n\t\t\t\t<div class=\"elementor-widget-container\">\n\t\t\t<h2 class=\"elementor-heading-title elementor-size-default\">ALTERNATIVA<\/h2>\t\t<\/div>\n\t\t\t\t<\/div>\n\t\t\t\t<div class=\"elementor-element elementor-element-30a03990 elementor-view-default elementor-widget elementor-widget-icon\" data-id=\"30a03990\" data-element_type=\"widget\" data-widget_type=\"icon.default\">\n\t\t\t\t<div class=\"elementor-widget-container\">\n\t\t\t\t\t<div class=\"elementor-icon-wrapper\">\n\t\t\t<div class=\"elementor-icon\">\n\t\t\t<i aria-hidden=\"true\" class=\"fas fa-long-arrow-alt-down\"><\/i>\t\t\t<\/div>\n\t\t<\/div>\n\t\t\t\t<\/div>\n\t\t\t\t<\/div>\n\t\t\t\t<div class=\"elementor-element elementor-element-72ff0e8b elementor-align-justify elementor-widget__width-initial elementor-widget elementor-widget-button\" data-id=\"72ff0e8b\" data-element_type=\"widget\" data-widget_type=\"button.default\">\n\t\t\t\t<div class=\"elementor-widget-container\">\n\t\t\t\t\t<div class=\"elementor-button-wrapper\">\n\t\t\t<a class=\"elementor-button elementor-button-link elementor-size-sm elementor-animation-grow\" href=\"https:\/\/wa.me\/3042222143\">\n\t\t\t\t\t\t<span class=\"elementor-button-content-wrapper\">\n\t\t\t\t\t\t\t\t\t<span class=\"elementor-button-text\">LEER M\u00c1S<\/span>\n\t\t\t\t\t<\/span>\n\t\t\t\t\t<\/a>\n\t\t<\/div>\n\t\t\t\t<\/div>\n\t\t\t\t<\/div>\n\t\t\t\t<div class=\"elementor-element elementor-element-46c86c9f elementor-widget elementor-widget-spacer\" data-id=\"46c86c9f\" data-element_type=\"widget\" data-widget_type=\"spacer.default\">\n\t\t\t\t<div class=\"elementor-widget-container\">\n\t\t\t\t\t<div class=\"elementor-spacer\">\n\t\t\t<div class=\"elementor-spacer-inner\"><\/div>\n\t\t<\/div>\n\t\t\t\t<\/div>\n\t\t\t\t<\/div>\n\t\t\t\t<\/div>\n\t\t\t\t<\/div>\n\t\t\t\t<\/div>\n\t\t<div class=\"elementor-element elementor-element-11275cf e-flex e-con-boxed e-con e-parent\" data-id=\"11275cf\" data-element_type=\"container\" data-settings=\"{&quot;background_background&quot;:&quot;classic&quot;,&quot;_ha_eqh_enable&quot;:false}\">\n\t\t\t\t\t<div class=\"e-con-inner\">\n\t\t<div class=\"elementor-element elementor-element-43a126af e-con-full e-flex e-con e-child\" data-id=\"43a126af\" data-element_type=\"container\" data-settings=\"{&quot;_ha_eqh_enable&quot;:false}\">\n\t\t<div class=\"elementor-element elementor-element-4bed356e e-con-full e-flex e-con e-child\" data-id=\"4bed356e\" data-element_type=\"container\" data-settings=\"{&quot;background_background&quot;:&quot;classic&quot;,&quot;_ha_eqh_enable&quot;:false}\">\n\t\t\t\t<\/div>\n\t\t<div class=\"elementor-element elementor-element-481aa269 e-con-full e-flex e-con e-child\" data-id=\"481aa269\" data-element_type=\"container\" data-settings=\"{&quot;_ha_eqh_enable&quot;:false}\">\n\t\t\t\t<div class=\"elementor-element elementor-element-3fd13d39 elementor-widget elementor-widget-heading\" data-id=\"3fd13d39\" data-element_type=\"widget\" data-widget_type=\"heading.default\">\n\t\t\t\t<div class=\"elementor-widget-container\">\n\t\t\t<h2 class=\"elementor-heading-title elementor-size-default\">Sueroterapia<\/h2>\t\t<\/div>\n\t\t\t\t<\/div>\n\t\t\t\t<div class=\"elementor-element elementor-element-4e285189 elementor-widget elementor-widget-text-editor\" data-id=\"4e285189\" data-element_type=\"widget\" data-widget_type=\"text-editor.default\">\n\t\t\t\t<div class=\"elementor-widget-container\">\n\t\t\t\t\t\t\t<div class=\"flex max-w-full flex-col flex-grow\"><div class=\"min-h-8 text-message flex w-full flex-col items-end gap-2 whitespace-normal break-words [.text-message+&amp;]:mt-5\" dir=\"auto\" data-message-author-role=\"assistant\" data-message-id=\"5c0c3d4f-427e-4cd5-bd16-0cbc592b78ac\" data-message-model-slug=\"gpt-4o\"><div class=\"flex w-full flex-col gap-1 empty:hidden first:pt-[3px]\"><div class=\"markdown prose w-full break-words dark:prose-invert dark\"><p>Consiste en la administraci\u00f3n de sueros espec\u00edficos y personalizados que favorecen la autocuraci\u00f3n de nuestro organismo a partir de una selecci\u00f3n de vitaminas, oligoelementos y f\u00e1rmacos biol\u00f3gicos naturales seg\u00fan nuestras necesidades concretas: adelgazar, embellecer nuestra piel, mejorar la salud de nuestro cabello, reducir el cansancio y el estr\u00e9s.<\/p><\/div><\/div><\/div><\/div>\t\t\t\t\t\t<\/div>\n\t\t\t\t<\/div>\n\t\t\t\t<\/div>\n\t\t\t\t<\/div>\n\t\t<div class=\"elementor-element elementor-element-760a5f3e e-con-full e-flex e-con e-child\" data-id=\"760a5f3e\" data-element_type=\"container\" data-settings=\"{&quot;_ha_eqh_enable&quot;:false}\">\n\t\t<div class=\"elementor-element elementor-element-2ec9b721 e-con-full e-flex e-con e-child\" data-id=\"2ec9b721\" data-element_type=\"container\" data-settings=\"{&quot;background_background&quot;:&quot;classic&quot;,&quot;_ha_eqh_enable&quot;:false}\">\n\t\t\t\t<\/div>\n\t\t<div class=\"elementor-element elementor-element-2e98744c e-con-full e-flex e-con e-child\" data-id=\"2e98744c\" data-element_type=\"container\" data-settings=\"{&quot;_ha_eqh_enable&quot;:false}\">\n\t\t\t\t<div class=\"elementor-element elementor-element-3f2a141a elementor-widget elementor-widget-heading\" data-id=\"3f2a141a\" data-element_type=\"widget\" data-widget_type=\"heading.default\">\n\t\t\t\t<div class=\"elementor-widget-container\">\n\t\t\t<h2 class=\"elementor-heading-title elementor-size-default\">Acupuntura y Biopuntura<\/h2>\t\t<\/div>\n\t\t\t\t<\/div>\n\t\t\t\t<div class=\"elementor-element elementor-element-2214547 elementor-widget elementor-widget-text-editor\" data-id=\"2214547\" data-element_type=\"widget\" data-widget_type=\"text-editor.default\">\n\t\t\t\t<div class=\"elementor-widget-container\">\n\t\t\t\t\t\t\t<div class=\"flex max-w-full flex-col flex-grow\"><div class=\"min-h-8 text-message flex w-full flex-col items-end gap-2 whitespace-normal break-words [.text-message+&amp;]:mt-5\" dir=\"auto\" data-message-author-role=\"assistant\" data-message-id=\"5c0c3d4f-427e-4cd5-bd16-0cbc592b78ac\" data-message-model-slug=\"gpt-4o\"><div class=\"flex w-full flex-col gap-1 empty:hidden first:pt-[3px]\"><div class=\"markdown prose w-full break-words dark:prose-invert dark\"><p>La acupuntura implica la inserci\u00f3n de agujas finas en determinados puntos del cuerpo para aliviar dolores, anestesiar determinadas zonas y curar ciertas enfermedades. La Biopuntura consiste en aplicar medicamentos biorreguladores mediante inyecciones en puntos espec\u00edficos del cuerpo, buscando con ello regular los procesos inflamatorios y apoyar los mecanismos naturales de reparaci\u00f3n del organismo.<\/p><\/div><\/div><\/div><\/div>\t\t\t\t\t\t<\/div>\n\t\t\t\t<\/div>\n\t\t\t\t<\/div>\n\t\t\t\t<\/div>\n\t\t\t\t\t<\/div>\n\t\t\t\t<\/div>\n\t\t<div class=\"elementor-element elementor-element-c70a4f1 e-flex e-con-boxed e-con e-parent\" data-id=\"c70a4f1\" data-element_type=\"container\" data-settings=\"{&quot;background_background&quot;:&quot;classic&quot;,&quot;_ha_eqh_enable&quot;:false}\">\n\t\t\t\t\t<div class=\"e-con-inner\">\n\t\t<div class=\"elementor-element elementor-element-ec4237e e-con-full e-flex e-con e-child\" data-id=\"ec4237e\" data-element_type=\"container\" data-settings=\"{&quot;_ha_eqh_enable&quot;:false}\">\n\t\t<div class=\"elementor-element elementor-element-85a88cc e-con-full e-flex e-con e-child\" data-id=\"85a88cc\" data-element_type=\"container\" data-settings=\"{&quot;_ha_eqh_enable&quot;:false}\">\n\t\t<div class=\"elementor-element elementor-element-3f0b0cd e-con-full e-flex e-con e-child\" data-id=\"3f0b0cd\" data-element_type=\"container\" data-settings=\"{&quot;background_background&quot;:&quot;classic&quot;,&quot;_ha_eqh_enable&quot;:false}\">\n\t\t\t\t<\/div>\n\t\t<div class=\"elementor-element elementor-element-bbdd000 e-con-full e-flex e-con e-child\" data-id=\"bbdd000\" data-element_type=\"container\" data-settings=\"{&quot;_ha_eqh_enable&quot;:false}\">\n\t\t\t\t<div class=\"elementor-element elementor-element-a4b4284 elementor-widget elementor-widget-heading\" data-id=\"a4b4284\" data-element_type=\"widget\" data-widget_type=\"heading.default\">\n\t\t\t\t<div class=\"elementor-widget-container\">\n\t\t\t<h2 class=\"elementor-heading-title elementor-size-default\">Nutrici\u00f3n Funcional<\/h2>\t\t<\/div>\n\t\t\t\t<\/div>\n\t\t\t\t<div class=\"elementor-element elementor-element-4adfaea elementor-widget elementor-widget-text-editor\" data-id=\"4adfaea\" data-element_type=\"widget\" data-widget_type=\"text-editor.default\">\n\t\t\t\t<div class=\"elementor-widget-container\">\n\t\t\t\t\t\t\t<div class=\"flex max-w-full flex-col flex-grow\"><div class=\"min-h-8 text-message flex w-full flex-col items-end gap-2 whitespace-normal break-words [.text-message+&amp;]:mt-5\" dir=\"auto\" data-message-author-role=\"assistant\" data-message-id=\"5c0c3d4f-427e-4cd5-bd16-0cbc592b78ac\" data-message-model-slug=\"gpt-4o\"><div class=\"flex w-full flex-col gap-1 empty:hidden first:pt-[3px]\"><div class=\"markdown prose w-full break-words dark:prose-invert dark\"><p>De acuerdo a las necesidades y requerimientos, se realiza un plan especial y personalizado para cada paciente en el cual se especifica una serie de recomendaciones para llevar a cabo en la rutina diaria de alimentaci\u00f3n y as\u00ed conseguir los resultados deseados. Este plan se realiza para perder peso y medidas, deportistas, adultos mayores y bienestar en general.<\/p><\/div><\/div><\/div><\/div>\t\t\t\t\t\t<\/div>\n\t\t\t\t<\/div>\n\t\t\t\t<\/div>\n\t\t\t\t<\/div>\n\t\t\t\t<\/div>\n\t\t<div class=\"elementor-element elementor-element-02600da e-con-full e-flex e-con e-child\" data-id=\"02600da\" data-element_type=\"container\" data-settings=\"{&quot;_ha_eqh_enable&quot;:false}\">\n\t\t<div class=\"elementor-element elementor-element-0758ead e-con-full e-flex e-con e-child\" data-id=\"0758ead\" data-element_type=\"container\" data-settings=\"{&quot;background_background&quot;:&quot;classic&quot;,&quot;_ha_eqh_enable&quot;:false}\">\n\t\t\t\t<\/div>\n\t\t<div class=\"elementor-element elementor-element-71945ce e-con-full e-flex e-con e-child\" data-id=\"71945ce\" data-element_type=\"container\" data-settings=\"{&quot;_ha_eqh_enable&quot;:false}\">\n\t\t\t\t<div class=\"elementor-element elementor-element-d895115 elementor-widget elementor-widget-heading\" data-id=\"d895115\" data-element_type=\"widget\" data-widget_type=\"heading.default\">\n\t\t\t\t<div class=\"elementor-widget-container\">\n\t\t\t<h2 class=\"elementor-heading-title elementor-size-default\">Ozonoterapia<\/h2>\t\t<\/div>\n\t\t\t\t<\/div>\n\t\t\t\t<div class=\"elementor-element elementor-element-d8c31ee elementor-widget elementor-widget-text-editor\" data-id=\"d8c31ee\" data-element_type=\"widget\" data-widget_type=\"text-editor.default\">\n\t\t\t\t<div class=\"elementor-widget-container\">\n\t\t\t\t\t\t\t<div class=\"flex max-w-full flex-col flex-grow\"><div class=\"min-h-8 text-message flex w-full flex-col items-end gap-2 whitespace-normal break-words [.text-message+&amp;]:mt-5\" dir=\"auto\" data-message-author-role=\"assistant\" data-message-id=\"5c0c3d4f-427e-4cd5-bd16-0cbc592b78ac\" data-message-model-slug=\"gpt-4o\"><div class=\"flex w-full flex-col gap-1 empty:hidden first:pt-[3px]\"><div class=\"markdown prose w-full break-words dark:prose-invert dark\"><p>La ozonoterapia es la aplicaci\u00f3n de ozono m\u00e9dico mediante m\u00ednimas punciones o aplicaci\u00f3n directa para mejorar el funcionamiento de \u00f3rganos y tejidos. Tiene propiedades antis\u00e9pticas, analg\u00e9sicas y antiinflamatorias, estimulando al sistema inmunol\u00f3gico, mejorando la circulaci\u00f3n perif\u00e9rica y la oxigenaci\u00f3n de los tejidos.<\/p><\/div><\/div><\/div><\/div>\t\t\t\t\t\t<\/div>\n\t\t\t\t<\/div>\n\t\t\t\t<\/div>\n\t\t\t\t<\/div>\n\t\t\t\t\t<\/div>\n\t\t\t\t<\/div>\n\t\t<div class=\"elementor-element elementor-element-47f19e9c e-flex e-con-boxed e-con e-parent\" data-id=\"47f19e9c\" data-element_type=\"container\" data-settings=\"{&quot;_ha_eqh_enable&quot;:false}\">\n\t\t\t\t\t<div class=\"e-con-inner\">\n\t\t\t\t<div class=\"elementor-element elementor-element-3665a9be elementor-align-justify elementor-widget__width-initial elementor-widget elementor-widget-button\" data-id=\"3665a9be\" data-element_type=\"widget\" data-widget_type=\"button.default\">\n\t\t\t\t<div class=\"elementor-widget-container\">\n\t\t\t\t\t<div class=\"elementor-button-wrapper\">\n\t\t\t<a class=\"elementor-button elementor-button-link elementor-size-sm elementor-animation-grow\" href=\"https:\/\/wa.me\/3042222143\">\n\t\t\t\t\t\t<span class=\"elementor-button-content-wrapper\">\n\t\t\t\t\t\t\t\t\t<span class=\"elementor-button-text\">CONTACTAR<\/span>\n\t\t\t\t\t<\/span>\n\t\t\t\t\t<\/a>\n\t\t<\/div>\n\t\t\t\t<\/div>\n\t\t\t\t<\/div>\n\t\t\t\t\t<\/div>\n\t\t\t\t<\/div>\n\t\t\t\t<\/div>","protected":false},"excerpt":{"rendered":"<p>LEER M\u00c1S Sueroterapia Consiste en la administraci\u00f3n de sueros espec\u00edficos y personalizados que favorecen la autocuraci\u00f3n de nuestro organismo a partir de una selecci\u00f3n de vitaminas, oligoelementos y f\u00e1rmacos &hellip;<\/p>\n<p class=\"read-more\"> <a class=\"ast-button\" href=\"https:\/\/clinicalcazar.com\/en\/alternativa\/\"> <span class=\"screen-reader-text\">ALTERNATIVA<\/span> Read More \u00bb<\/a><\/p>","protected":false},"author":1,"featured_media":0,"parent":0,"menu_order":0,"comment_status":"closed","ping_status":"closed","template":"","meta":{"site-sidebar-layout":"no-sidebar","site-content-layout":"page-builder","ast-global-header-display":"","ast-main-header-display":"","ast-hfb-above-header-display":null,"ast-hfb-below-header-display":null,"ast-hfb-mobile-header-display":"","site-post-title":"disabled","ast-breadcrumbs-content":null,"ast-featured-img":"disabled","footer-sml-layout":"","theme-transparent-header-meta":"","adv-header-id-meta":"","stick-header-meta":"","header-above-stick-meta":null,"header-main-stick-meta":"","header-below-stick-meta":null,"_joinchat":[],"footnotes":""},"class_list":["post-2411","page","type-page","status-publish","hentry"],"_hostinger_reach_plugin_has_subscription_block":false,"_hostinger_reach_plugin_is_elementor":false,"_links":{"self":[{"href":"https:\/\/clinicalcazar.com\/en\/wp-json\/wp\/v2\/pages\/2411","targetHints":{"allow":["GET"]}}],"collection":[{"href":"https:\/\/clinicalcazar.com\/en\/wp-json\/wp\/v2\/pages"}],"about":[{"href":"https:\/\/clinicalcazar.com\/en\/wp-json\/wp\/v2\/types\/page"}],"author":[{"embeddable":true,"href":"https:\/\/clinicalcazar.com\/en\/wp-json\/wp\/v2\/users\/1"}],"replies":[{"embeddable":true,"href":"https:\/\/clinicalcazar.com\/en\/wp-json\/wp\/v2\/comments?post=2411"}],"version-history":[{"count":14,"href":"https:\/\/clinicalcazar.com\/en\/wp-json\/wp\/v2\/pages\/2411\/revisions"}],"predecessor-version":[{"id":2444,"href":"https:\/\/clinicalcazar.com\/en\/wp-json\/wp\/v2\/pages\/2411\/revisions\/2444"}],"wp:attachment":[{"href":"https:\/\/clinicalcazar.com\/en\/wp-json\/wp\/v2\/media?parent=2411"}],"curies":[{"name":"wp","href":"https:\/\/api.w.org\/{rel}","templated":true}]}}