{"id":2384,"date":"2024-10-23T09:57:57","date_gmt":"2024-10-23T14:57:57","guid":{"rendered":"https:\/\/clinicalcazar.com\/?page_id=2384"},"modified":"2024-10-23T10:43:23","modified_gmt":"2024-10-23T15:43:23","slug":"medical-spa","status":"publish","type":"page","link":"https:\/\/clinicalcazar.com\/en\/medical-spa\/","title":{"rendered":"MEDICAL SPA"},"content":{"rendered":"<div data-elementor-type=\"wp-page\" data-elementor-id=\"2384\" class=\"elementor elementor-2384\" data-elementor-post-type=\"page\">\n\t\t\t\t<div class=\"elementor-element elementor-element-2081f21b e-con-full e-flex e-con e-parent\" data-id=\"2081f21b\" data-element_type=\"container\" data-settings=\"{&quot;background_background&quot;:&quot;video&quot;,&quot;background_video_link&quot;:&quot;https:\\\/\\\/clinicalcazar.com\\\/wp-content\\\/uploads\\\/2024\\\/10\\\/careaga-hero-dt01.m4v&quot;,&quot;_ha_eqh_enable&quot;:false}\">\n\t\t<div class=\"elementor-background-video-container elementor-hidden-phone\">\n\t\t\t\t\t\t\t<video class=\"elementor-background-video-hosted elementor-html5-video\" autoplay muted playsinline loop><\/video>\n\t\t\t\t\t<\/div><div class=\"elementor-element elementor-element-58333f80 e-con-full e-flex e-con e-child\" data-id=\"58333f80\" data-element_type=\"container\" data-settings=\"{&quot;_ha_eqh_enable&quot;:false}\">\n\t\t<div class=\"elementor-element elementor-element-17c75acc e-con-full e-flex e-con e-child\" data-id=\"17c75acc\" data-element_type=\"container\" data-settings=\"{&quot;_ha_eqh_enable&quot;:false}\">\n\t\t\t\t<\/div>\n\t\t<div class=\"elementor-element elementor-element-1623838a e-con-full e-flex e-con e-child\" data-id=\"1623838a\" data-element_type=\"container\" data-settings=\"{&quot;background_background&quot;:&quot;classic&quot;,&quot;_ha_eqh_enable&quot;:false}\">\n\t\t\t\t<div class=\"elementor-element elementor-element-10bf6392 elementor-widget elementor-widget-spacer\" data-id=\"10bf6392\" data-element_type=\"widget\" data-widget_type=\"spacer.default\">\n\t\t\t\t<div class=\"elementor-widget-container\">\n\t\t\t\t\t<div class=\"elementor-spacer\">\n\t\t\t<div class=\"elementor-spacer-inner\"><\/div>\n\t\t<\/div>\n\t\t\t\t<\/div>\n\t\t\t\t<\/div>\n\t\t\t\t<div class=\"elementor-element elementor-element-53d74c78 elementor-widget elementor-widget-theme-site-logo elementor-widget-image\" data-id=\"53d74c78\" data-element_type=\"widget\" data-widget_type=\"theme-site-logo.default\">\n\t\t\t\t<div class=\"elementor-widget-container\">\n\t\t\t\t\t\t\t\t<div class=\"elementor-image\">\n\t\t\t\t\t\t\t\t<a href=\"https:\/\/clinicalcazar.com\/en\/\">\n\t\t\t<img fetchpriority=\"high\" decoding=\"async\" width=\"2942\" height=\"761\" src=\"https:\/\/clinicalcazar.com\/wp-content\/uploads\/2025\/04\/LOGO-INGLES-e1745533905989.png\" class=\"attachment-full size-full wp-image-3267\" alt=\"\" srcset=\"https:\/\/clinicalcazar.com\/wp-content\/uploads\/2025\/04\/LOGO-INGLES-e1745533905989.png 3169w, https:\/\/clinicalcazar.com\/wp-content\/uploads\/2025\/04\/LOGO-INGLES-e1745533905989-300x79.png 300w, https:\/\/clinicalcazar.com\/wp-content\/uploads\/2025\/04\/LOGO-INGLES-e1745533905989-1024x271.png 1024w, https:\/\/clinicalcazar.com\/wp-content\/uploads\/2025\/04\/LOGO-INGLES-e1745533905989-768x203.png 768w, https:\/\/clinicalcazar.com\/wp-content\/uploads\/2025\/04\/LOGO-INGLES-e1745533905989-1536x407.png 1536w, https:\/\/clinicalcazar.com\/wp-content\/uploads\/2025\/04\/LOGO-INGLES-e1745533905989-2048x542.png 2048w, https:\/\/clinicalcazar.com\/wp-content\/uploads\/2025\/04\/LOGO-INGLES-e1745533905989-18x5.png 18w\" sizes=\"(max-width: 2942px) 100vw, 2942px\" \/>\t\t\t\t<\/a>\n\t\t\t\t\t\t\t\t\t\t<\/div>\n\t\t\t\t\t\t<\/div>\n\t\t\t\t<\/div>\n\t\t\t\t<div class=\"elementor-element elementor-element-57cc2a72 elementor-widget elementor-widget-heading\" data-id=\"57cc2a72\" data-element_type=\"widget\" data-widget_type=\"heading.default\">\n\t\t\t\t<div class=\"elementor-widget-container\">\n\t\t\t<h2 class=\"elementor-heading-title elementor-size-default\">MEDICAL SPA<\/h2>\t\t<\/div>\n\t\t\t\t<\/div>\n\t\t\t\t<div class=\"elementor-element elementor-element-44cd3ab7 elementor-view-default elementor-widget elementor-widget-icon\" data-id=\"44cd3ab7\" data-element_type=\"widget\" data-widget_type=\"icon.default\">\n\t\t\t\t<div class=\"elementor-widget-container\">\n\t\t\t\t\t<div class=\"elementor-icon-wrapper\">\n\t\t\t<div class=\"elementor-icon\">\n\t\t\t<i aria-hidden=\"true\" class=\"fas fa-long-arrow-alt-down\"><\/i>\t\t\t<\/div>\n\t\t<\/div>\n\t\t\t\t<\/div>\n\t\t\t\t<\/div>\n\t\t\t\t<div class=\"elementor-element elementor-element-79790941 elementor-align-justify elementor-widget__width-initial elementor-widget elementor-widget-button\" data-id=\"79790941\" data-element_type=\"widget\" data-widget_type=\"button.default\">\n\t\t\t\t<div class=\"elementor-widget-container\">\n\t\t\t\t\t<div class=\"elementor-button-wrapper\">\n\t\t\t<a class=\"elementor-button elementor-button-link elementor-size-sm elementor-animation-grow\" href=\"https:\/\/wa.me\/3042222143\">\n\t\t\t\t\t\t<span class=\"elementor-button-content-wrapper\">\n\t\t\t\t\t\t\t\t\t<span class=\"elementor-button-text\">LEER M\u00c1S<\/span>\n\t\t\t\t\t<\/span>\n\t\t\t\t\t<\/a>\n\t\t<\/div>\n\t\t\t\t<\/div>\n\t\t\t\t<\/div>\n\t\t\t\t<div class=\"elementor-element elementor-element-479c6b68 elementor-widget elementor-widget-spacer\" data-id=\"479c6b68\" data-element_type=\"widget\" data-widget_type=\"spacer.default\">\n\t\t\t\t<div class=\"elementor-widget-container\">\n\t\t\t\t\t<div class=\"elementor-spacer\">\n\t\t\t<div class=\"elementor-spacer-inner\"><\/div>\n\t\t<\/div>\n\t\t\t\t<\/div>\n\t\t\t\t<\/div>\n\t\t\t\t<\/div>\n\t\t\t\t<\/div>\n\t\t\t\t<\/div>\n\t\t<div class=\"elementor-element elementor-element-7c80f3c4 e-flex e-con-boxed e-con e-parent\" data-id=\"7c80f3c4\" data-element_type=\"container\" data-settings=\"{&quot;background_background&quot;:&quot;classic&quot;,&quot;_ha_eqh_enable&quot;:false}\">\n\t\t\t\t\t<div class=\"e-con-inner\">\n\t\t<div class=\"elementor-element elementor-element-1e6e9f19 e-con-full e-flex e-con e-child\" data-id=\"1e6e9f19\" data-element_type=\"container\" data-settings=\"{&quot;_ha_eqh_enable&quot;:false}\">\n\t\t<div class=\"elementor-element elementor-element-2cbad9b6 e-con-full e-flex e-con e-child\" data-id=\"2cbad9b6\" data-element_type=\"container\" data-settings=\"{&quot;background_background&quot;:&quot;classic&quot;,&quot;_ha_eqh_enable&quot;:false}\">\n\t\t\t\t<\/div>\n\t\t<div class=\"elementor-element elementor-element-65a37b e-con-full e-flex e-con e-child\" data-id=\"65a37b\" data-element_type=\"container\" data-settings=\"{&quot;_ha_eqh_enable&quot;:false}\">\n\t\t\t\t<div class=\"elementor-element elementor-element-3d50741 elementor-widget elementor-widget-heading\" data-id=\"3d50741\" data-element_type=\"widget\" data-widget_type=\"heading.default\">\n\t\t\t\t<div class=\"elementor-widget-container\">\n\t\t\t<h2 class=\"elementor-heading-title elementor-size-default\">Moldeamiento<br>Corporal<\/h2>\t\t<\/div>\n\t\t\t\t<\/div>\n\t\t\t\t<div class=\"elementor-element elementor-element-279d9d63 elementor-widget elementor-widget-text-editor\" data-id=\"279d9d63\" data-element_type=\"widget\" data-widget_type=\"text-editor.default\">\n\t\t\t\t<div class=\"elementor-widget-container\">\n\t\t\t\t\t\t\t<div class=\"flex max-w-full flex-col flex-grow\"><div class=\"min-h-8 text-message flex w-full flex-col items-end gap-2 whitespace-normal break-words [.text-message+&amp;]:mt-5\" dir=\"auto\" data-message-author-role=\"assistant\" data-message-id=\"5c0c3d4f-427e-4cd5-bd16-0cbc592b78ac\" data-message-model-slug=\"gpt-4o\"><div class=\"flex w-full flex-col gap-1 empty:hidden first:pt-[3px]\"><div class=\"markdown prose w-full break-words dark:prose-invert dark\"><p>El Moldeamiento Corporal SIN CIRUG\u00cdA, es un tratamiento que se realiza con aparatolog\u00eda de ultima tecnolog\u00eda, lo que busca es tonificar los brazos, remover la grasa localizada que se encuentra en el abdomen y la espalda (flancos) y tonificar los gl\u00fateos y piernas.<\/p><\/div><\/div><\/div><\/div>\t\t\t\t\t\t<\/div>\n\t\t\t\t<\/div>\n\t\t\t\t<\/div>\n\t\t\t\t<\/div>\n\t\t<div class=\"elementor-element elementor-element-4fd07c5d e-con-full e-flex e-con e-child\" data-id=\"4fd07c5d\" data-element_type=\"container\" data-settings=\"{&quot;_ha_eqh_enable&quot;:false}\">\n\t\t<div class=\"elementor-element elementor-element-40ca44ff e-con-full e-flex e-con e-child\" data-id=\"40ca44ff\" data-element_type=\"container\" data-settings=\"{&quot;background_background&quot;:&quot;classic&quot;,&quot;_ha_eqh_enable&quot;:false}\">\n\t\t\t\t<\/div>\n\t\t<div class=\"elementor-element elementor-element-260669c3 e-con-full e-flex e-con e-child\" data-id=\"260669c3\" data-element_type=\"container\" data-settings=\"{&quot;_ha_eqh_enable&quot;:false}\">\n\t\t\t\t<div class=\"elementor-element elementor-element-3fcb093a elementor-widget elementor-widget-heading\" data-id=\"3fcb093a\" data-element_type=\"widget\" data-widget_type=\"heading.default\">\n\t\t\t\t<div class=\"elementor-widget-container\">\n\t\t\t<h2 class=\"elementor-heading-title elementor-size-default\">Tonificaci\u00f3n Gl\u00fateos \/ Piernas<\/h2>\t\t<\/div>\n\t\t\t\t<\/div>\n\t\t\t\t<div class=\"elementor-element elementor-element-66c26432 elementor-widget elementor-widget-text-editor\" data-id=\"66c26432\" data-element_type=\"widget\" data-widget_type=\"text-editor.default\">\n\t\t\t\t<div class=\"elementor-widget-container\">\n\t\t\t\t\t\t\t<div class=\"flex max-w-full flex-col flex-grow\"><div class=\"min-h-8 text-message flex w-full flex-col items-end gap-2 whitespace-normal break-words [.text-message+&amp;]:mt-5\" dir=\"auto\" data-message-author-role=\"assistant\" data-message-id=\"5c0c3d4f-427e-4cd5-bd16-0cbc592b78ac\" data-message-model-slug=\"gpt-4o\"><div class=\"flex w-full flex-col gap-1 empty:hidden first:pt-[3px]\"><div class=\"markdown prose w-full break-words dark:prose-invert dark\"><p>Por medio de aparatolog\u00eda de \u00faltima tecnolog\u00eda (radiofrecuencia, corrientes rusas, lipolisis l\u00e1ser) se realiza este tratamiento, que tiene como objetivo reducir la flacidez y celulitis en las piernas y gl\u00fateos y as\u00ed mejorar el tono de la piel, luciendo unos gl\u00fateos m\u00e1s contorneados y firmes.<\/p><\/div><\/div><\/div><\/div>\t\t\t\t\t\t<\/div>\n\t\t\t\t<\/div>\n\t\t\t\t<\/div>\n\t\t\t\t<\/div>\n\t\t\t\t\t<\/div>\n\t\t\t\t<\/div>\n\t\t<div class=\"elementor-element elementor-element-47c852b5 e-flex e-con-boxed e-con e-parent\" data-id=\"47c852b5\" data-element_type=\"container\" data-settings=\"{&quot;background_background&quot;:&quot;classic&quot;,&quot;_ha_eqh_enable&quot;:false}\">\n\t\t\t\t\t<div class=\"e-con-inner\">\n\t\t<div class=\"elementor-element elementor-element-45356245 e-con-full e-flex e-con e-child\" data-id=\"45356245\" data-element_type=\"container\" data-settings=\"{&quot;_ha_eqh_enable&quot;:false}\">\n\t\t<div class=\"elementor-element elementor-element-3f73d304 e-con-full e-flex e-con e-child\" data-id=\"3f73d304\" data-element_type=\"container\" data-settings=\"{&quot;background_background&quot;:&quot;classic&quot;,&quot;_ha_eqh_enable&quot;:false}\">\n\t\t\t\t<\/div>\n\t\t<div class=\"elementor-element elementor-element-2794779f e-con-full e-flex e-con e-child\" data-id=\"2794779f\" data-element_type=\"container\" data-settings=\"{&quot;_ha_eqh_enable&quot;:false}\">\n\t\t\t\t<div class=\"elementor-element elementor-element-5cb9cbdd elementor-widget elementor-widget-heading\" data-id=\"5cb9cbdd\" data-element_type=\"widget\" data-widget_type=\"heading.default\">\n\t\t\t\t<div class=\"elementor-widget-container\">\n\t\t\t<h2 class=\"elementor-heading-title elementor-size-default\">Presoterapia, descanso muscular<\/h2>\t\t<\/div>\n\t\t\t\t<\/div>\n\t\t\t\t<div class=\"elementor-element elementor-element-2fb0192c elementor-widget elementor-widget-text-editor\" data-id=\"2fb0192c\" data-element_type=\"widget\" data-widget_type=\"text-editor.default\">\n\t\t\t\t<div class=\"elementor-widget-container\">\n\t\t\t\t\t\t\t<div class=\"flex max-w-full flex-col flex-grow\"><div class=\"min-h-8 text-message flex w-full flex-col items-end gap-2 whitespace-normal break-words [.text-message+&amp;]:mt-5\" dir=\"auto\" data-message-author-role=\"assistant\" data-message-id=\"5c0c3d4f-427e-4cd5-bd16-0cbc592b78ac\" data-message-model-slug=\"gpt-4o\"><div class=\"flex w-full flex-col gap-1 empty:hidden first:pt-[3px]\"><div class=\"markdown prose w-full break-words dark:prose-invert dark\"><p>La presoterapia est\u00e1 indicada para lograr un drenaje linf\u00e1tico en personas que presentan problemas m\u00e9dicos y est\u00e9ticos, como alteraciones en el sistema circulatorio,piernas cansadas, ara\u00f1itas vasculares, edemas, celulitis y acumulaciones de grasa. No es dolorosa, es eficaz y saludable, brindando una sensaci\u00f3n de alivio y descanso.<\/p><\/div><\/div><\/div><\/div>\t\t\t\t\t\t<\/div>\n\t\t\t\t<\/div>\n\t\t\t\t<\/div>\n\t\t\t\t<\/div>\n\t\t<div class=\"elementor-element elementor-element-2a61dc7f e-con-full e-flex e-con e-child\" data-id=\"2a61dc7f\" data-element_type=\"container\" data-settings=\"{&quot;_ha_eqh_enable&quot;:false}\">\n\t\t<div class=\"elementor-element elementor-element-bf0272c e-con-full e-flex e-con e-child\" data-id=\"bf0272c\" data-element_type=\"container\" data-settings=\"{&quot;background_background&quot;:&quot;classic&quot;,&quot;_ha_eqh_enable&quot;:false}\">\n\t\t\t\t<\/div>\n\t\t<div class=\"elementor-element elementor-element-4a88ba2a e-con-full e-flex e-con e-child\" data-id=\"4a88ba2a\" data-element_type=\"container\" data-settings=\"{&quot;_ha_eqh_enable&quot;:false}\">\n\t\t\t\t<div class=\"elementor-element elementor-element-773ffe39 elementor-widget elementor-widget-heading\" data-id=\"773ffe39\" data-element_type=\"widget\" data-widget_type=\"heading.default\">\n\t\t\t\t<div class=\"elementor-widget-container\">\n\t\t\t<h2 class=\"elementor-heading-title elementor-size-default\">Paquete post<br>quir\u00fargico<\/h2>\t\t<\/div>\n\t\t\t\t<\/div>\n\t\t\t\t<div class=\"elementor-element elementor-element-1c4b8801 elementor-widget elementor-widget-text-editor\" data-id=\"1c4b8801\" data-element_type=\"widget\" data-widget_type=\"text-editor.default\">\n\t\t\t\t<div class=\"elementor-widget-container\">\n\t\t\t\t\t\t\t<div class=\"flex max-w-full flex-col flex-grow\"><div class=\"min-h-8 text-message flex w-full flex-col items-end gap-2 whitespace-normal break-words [.text-message+&amp;]:mt-5\" dir=\"auto\" data-message-author-role=\"assistant\" data-message-id=\"5c0c3d4f-427e-4cd5-bd16-0cbc592b78ac\" data-message-model-slug=\"gpt-4o\"><div class=\"flex w-full flex-col gap-1 empty:hidden first:pt-[3px]\"><div class=\"markdown prose w-full break-words dark:prose-invert dark\"><p>El masaje postquir\u00fargico tiene como finalidad movilizar y eliminar por medio del drenaje linf\u00e1tico y aparatolog\u00eda (ultrasonido) todos los l\u00edquidos que son producidos de manera natural por el cuerpo despu\u00e9s de un procedimiento quir\u00fargico como una lipoescultura y\/o abdominoplastia. Ayudando tambi\u00e9n a desinflamar, reducir el dolor y evitar la fibrosis.<\/p><\/div><\/div><\/div><\/div>\t\t\t\t\t\t<\/div>\n\t\t\t\t<\/div>\n\t\t\t\t<\/div>\n\t\t\t\t<\/div>\n\t\t\t\t\t<\/div>\n\t\t\t\t<\/div>\n\t\t<div class=\"elementor-element elementor-element-1844a6be e-flex e-con-boxed e-con e-parent\" data-id=\"1844a6be\" data-element_type=\"container\" data-settings=\"{&quot;_ha_eqh_enable&quot;:false}\">\n\t\t\t\t\t<div class=\"e-con-inner\">\n\t\t<div class=\"elementor-element elementor-element-7ea0463b e-con-full e-flex e-con e-child\" data-id=\"7ea0463b\" data-element_type=\"container\" data-settings=\"{&quot;_ha_eqh_enable&quot;:false}\">\n\t\t<div class=\"elementor-element elementor-element-59dca867 e-con-full e-flex e-con e-child\" data-id=\"59dca867\" data-element_type=\"container\" data-settings=\"{&quot;background_background&quot;:&quot;classic&quot;,&quot;_ha_eqh_enable&quot;:false}\">\n\t\t\t\t<\/div>\n\t\t<div class=\"elementor-element elementor-element-bff4951 e-con-full e-flex e-con e-child\" data-id=\"bff4951\" data-element_type=\"container\" data-settings=\"{&quot;_ha_eqh_enable&quot;:false}\">\n\t\t\t\t<div class=\"elementor-element elementor-element-570514 elementor-widget elementor-widget-heading\" data-id=\"570514\" data-element_type=\"widget\" data-widget_type=\"heading.default\">\n\t\t\t\t<div class=\"elementor-widget-container\">\n\t\t\t<h2 class=\"elementor-heading-title elementor-size-default\">Reducci\u00f3n de medidas<\/h2>\t\t<\/div>\n\t\t\t\t<\/div>\n\t\t\t\t<div class=\"elementor-element elementor-element-1e99fbe2 elementor-widget elementor-widget-text-editor\" data-id=\"1e99fbe2\" data-element_type=\"widget\" data-widget_type=\"text-editor.default\">\n\t\t\t\t<div class=\"elementor-widget-container\">\n\t\t\t\t\t\t\t<div class=\"flex max-w-full flex-col flex-grow\"><div class=\"min-h-8 text-message flex w-full flex-col items-end gap-2 whitespace-normal break-words [.text-message+&amp;]:mt-5\" dir=\"auto\" data-message-author-role=\"assistant\" data-message-id=\"5c0c3d4f-427e-4cd5-bd16-0cbc592b78ac\" data-message-model-slug=\"gpt-4o\"><div class=\"flex w-full flex-col gap-1 empty:hidden first:pt-[3px]\"><div class=\"markdown prose w-full break-words dark:prose-invert dark\"><p>Consta de diferentes t\u00e9cnicas para disminuir el contorno abdominal, en varias sesiones.<\/p><\/div><\/div><\/div><\/div>\t\t\t\t\t\t<\/div>\n\t\t\t\t<\/div>\n\t\t\t\t<\/div>\n\t\t\t\t<\/div>\n\t\t<div class=\"elementor-element elementor-element-721359c1 e-con-full e-flex e-con e-child\" data-id=\"721359c1\" data-element_type=\"container\" data-settings=\"{&quot;_ha_eqh_enable&quot;:false}\">\n\t\t<div class=\"elementor-element elementor-element-3bb34453 e-con-full e-flex e-con e-child\" data-id=\"3bb34453\" data-element_type=\"container\" data-settings=\"{&quot;background_background&quot;:&quot;classic&quot;,&quot;_ha_eqh_enable&quot;:false}\">\n\t\t\t\t<\/div>\n\t\t<div class=\"elementor-element elementor-element-2fa01fc2 e-con-full e-flex e-con e-child\" data-id=\"2fa01fc2\" data-element_type=\"container\" data-settings=\"{&quot;_ha_eqh_enable&quot;:false}\">\n\t\t\t\t<div class=\"elementor-element elementor-element-61be7859 elementor-widget elementor-widget-heading\" data-id=\"61be7859\" data-element_type=\"widget\" data-widget_type=\"heading.default\">\n\t\t\t\t<div class=\"elementor-widget-container\">\n\t\t\t<h2 class=\"elementor-heading-title elementor-size-default\">Limpieza Facial Profunda<\/h2>\t\t<\/div>\n\t\t\t\t<\/div>\n\t\t\t\t<div class=\"elementor-element elementor-element-3a88e06a elementor-widget elementor-widget-text-editor\" data-id=\"3a88e06a\" data-element_type=\"widget\" data-widget_type=\"text-editor.default\">\n\t\t\t\t<div class=\"elementor-widget-container\">\n\t\t\t\t\t\t\t<div class=\"flex max-w-full flex-col flex-grow\"><div class=\"min-h-8 text-message flex w-full flex-col items-end gap-2 whitespace-normal break-words [.text-message+&amp;]:mt-5\" dir=\"auto\" data-message-author-role=\"assistant\" data-message-id=\"5c0c3d4f-427e-4cd5-bd16-0cbc592b78ac\" data-message-model-slug=\"gpt-4o\"><div class=\"flex w-full flex-col gap-1 empty:hidden first:pt-[3px]\"><div class=\"markdown prose w-full break-words dark:prose-invert dark\"><p>Procedimiento que se utiliza para eliminar el exceso de grasa, tejido y piel de las mamas.<\/p><\/div><\/div><\/div><\/div>\t\t\t\t\t\t<\/div>\n\t\t\t\t<\/div>\n\t\t\t\t<\/div>\n\t\t\t\t<\/div>\n\t\t\t\t\t<\/div>\n\t\t\t\t<\/div>\n\t\t<div class=\"elementor-element elementor-element-a88e841 e-flex e-con-boxed e-con e-parent\" data-id=\"a88e841\" data-element_type=\"container\" data-settings=\"{&quot;_ha_eqh_enable&quot;:false}\">\n\t\t\t\t\t<div class=\"e-con-inner\">\n\t\t<div class=\"elementor-element elementor-element-584e3c0 e-con-full e-flex e-con e-child\" data-id=\"584e3c0\" data-element_type=\"container\" data-settings=\"{&quot;_ha_eqh_enable&quot;:false}\">\n\t\t<div class=\"elementor-element elementor-element-3a4f794 e-con-full e-flex e-con e-child\" data-id=\"3a4f794\" data-element_type=\"container\" data-settings=\"{&quot;_ha_eqh_enable&quot;:false}\">\n\t\t\t\t<\/div>\n\t\t\t\t<\/div>\n\t\t<div class=\"elementor-element elementor-element-f72ce8a e-con-full e-flex e-con e-child\" data-id=\"f72ce8a\" data-element_type=\"container\" data-settings=\"{&quot;_ha_eqh_enable&quot;:false}\">\n\t\t<div class=\"elementor-element elementor-element-e40c902 e-con-full e-flex e-con e-child\" data-id=\"e40c902\" data-element_type=\"container\" data-settings=\"{&quot;background_background&quot;:&quot;classic&quot;,&quot;_ha_eqh_enable&quot;:false}\">\n\t\t\t\t<\/div>\n\t\t<div class=\"elementor-element elementor-element-3bc6405 e-con-full e-flex e-con e-child\" data-id=\"3bc6405\" data-element_type=\"container\" data-settings=\"{&quot;_ha_eqh_enable&quot;:false}\">\n\t\t\t\t<div class=\"elementor-element elementor-element-244a61f elementor-widget elementor-widget-heading\" data-id=\"244a61f\" data-element_type=\"widget\" data-widget_type=\"heading.default\">\n\t\t\t\t<div class=\"elementor-widget-container\">\n\t\t\t<h2 class=\"elementor-heading-title elementor-size-default\">Tratamiento para el acn\u00e9<\/h2>\t\t<\/div>\n\t\t\t\t<\/div>\n\t\t\t\t<div class=\"elementor-element elementor-element-8122573 elementor-widget elementor-widget-text-editor\" data-id=\"8122573\" data-element_type=\"widget\" data-widget_type=\"text-editor.default\">\n\t\t\t\t<div class=\"elementor-widget-container\">\n\t\t\t\t\t\t\t<div class=\"flex max-w-full flex-col flex-grow\"><div class=\"min-h-8 text-message flex w-full flex-col items-end gap-2 whitespace-normal break-words [.text-message+&amp;]:mt-5\" dir=\"auto\" data-message-author-role=\"assistant\" data-message-id=\"5c0c3d4f-427e-4cd5-bd16-0cbc592b78ac\" data-message-model-slug=\"gpt-4o\"><div class=\"flex w-full flex-col gap-1 empty:hidden first:pt-[3px]\"><div class=\"markdown prose w-full break-words dark:prose-invert dark\"><p>Con peelings m\u00e9dicos y<br \/>cosm\u00e9ticos, que mejoran el aspecto de la piel.<\/p><\/div><\/div><\/div><\/div>\t\t\t\t\t\t<\/div>\n\t\t\t\t<\/div>\n\t\t\t\t<\/div>\n\t\t\t\t<\/div>\n\t\t<div class=\"elementor-element elementor-element-1985ee7 e-con-full e-flex e-con e-child\" data-id=\"1985ee7\" data-element_type=\"container\" data-settings=\"{&quot;_ha_eqh_enable&quot;:false}\">\n\t\t<div class=\"elementor-element elementor-element-5dbd3fc e-con-full e-flex e-con e-child\" data-id=\"5dbd3fc\" data-element_type=\"container\" data-settings=\"{&quot;_ha_eqh_enable&quot;:false}\">\n\t\t\t\t<\/div>\n\t\t\t\t<\/div>\n\t\t\t\t\t<\/div>\n\t\t\t\t<\/div>\n\t\t<div class=\"elementor-element elementor-element-3cc5b238 e-flex e-con-boxed e-con e-parent\" data-id=\"3cc5b238\" data-element_type=\"container\" data-settings=\"{&quot;_ha_eqh_enable&quot;:false}\">\n\t\t\t\t\t<div class=\"e-con-inner\">\n\t\t\t\t<div class=\"elementor-element elementor-element-5a6c383e elementor-align-justify elementor-widget__width-initial elementor-widget elementor-widget-button\" data-id=\"5a6c383e\" data-element_type=\"widget\" data-widget_type=\"button.default\">\n\t\t\t\t<div class=\"elementor-widget-container\">\n\t\t\t\t\t<div class=\"elementor-button-wrapper\">\n\t\t\t<a class=\"elementor-button elementor-button-link elementor-size-sm elementor-animation-grow\" href=\"https:\/\/wa.me\/3042222143\">\n\t\t\t\t\t\t<span class=\"elementor-button-content-wrapper\">\n\t\t\t\t\t\t\t\t\t<span class=\"elementor-button-text\">CONTACTAR<\/span>\n\t\t\t\t\t<\/span>\n\t\t\t\t\t<\/a>\n\t\t<\/div>\n\t\t\t\t<\/div>\n\t\t\t\t<\/div>\n\t\t\t\t\t<\/div>\n\t\t\t\t<\/div>\n\t\t\t\t<\/div>","protected":false},"excerpt":{"rendered":"<p>LEER M\u00c1S MoldeamientoCorporal El Moldeamiento Corporal SIN CIRUG\u00cdA, es un tratamiento que se realiza con aparatolog\u00eda de ultima tecnolog\u00eda, lo que busca es tonificar los brazos, remover la grasa &hellip;<\/p>\n<p class=\"read-more\"> <a class=\"ast-button\" href=\"https:\/\/clinicalcazar.com\/en\/medical-spa\/\"> <span class=\"screen-reader-text\">MEDICAL SPA<\/span> Read More \u00bb<\/a><\/p>","protected":false},"author":1,"featured_media":0,"parent":0,"menu_order":0,"comment_status":"closed","ping_status":"closed","template":"","meta":{"site-sidebar-layout":"no-sidebar","site-content-layout":"page-builder","ast-global-header-display":"","ast-main-header-display":"","ast-hfb-above-header-display":null,"ast-hfb-below-header-display":null,"ast-hfb-mobile-header-display":"","site-post-title":"disabled","ast-breadcrumbs-content":null,"ast-featured-img":"disabled","footer-sml-layout":"","theme-transparent-header-meta":"","adv-header-id-meta":"","stick-header-meta":"","header-above-stick-meta":null,"header-main-stick-meta":"","header-below-stick-meta":null,"_joinchat":[],"footnotes":""},"class_list":["post-2384","page","type-page","status-publish","hentry"],"_hostinger_reach_plugin_has_subscription_block":false,"_hostinger_reach_plugin_is_elementor":false,"_links":{"self":[{"href":"https:\/\/clinicalcazar.com\/en\/wp-json\/wp\/v2\/pages\/2384","targetHints":{"allow":["GET"]}}],"collection":[{"href":"https:\/\/clinicalcazar.com\/en\/wp-json\/wp\/v2\/pages"}],"about":[{"href":"https:\/\/clinicalcazar.com\/en\/wp-json\/wp\/v2\/types\/page"}],"author":[{"embeddable":true,"href":"https:\/\/clinicalcazar.com\/en\/wp-json\/wp\/v2\/users\/1"}],"replies":[{"embeddable":true,"href":"https:\/\/clinicalcazar.com\/en\/wp-json\/wp\/v2\/comments?post=2384"}],"version-history":[{"count":26,"href":"https:\/\/clinicalcazar.com\/en\/wp-json\/wp\/v2\/pages\/2384\/revisions"}],"predecessor-version":[{"id":2447,"href":"https:\/\/clinicalcazar.com\/en\/wp-json\/wp\/v2\/pages\/2384\/revisions\/2447"}],"wp:attachment":[{"href":"https:\/\/clinicalcazar.com\/en\/wp-json\/wp\/v2\/media?parent=2384"}],"curies":[{"name":"wp","href":"https:\/\/api.w.org\/{rel}","templated":true}]}}